{"id":2,"date":"2008-01-06T12:25:39","date_gmt":"2008-01-06T11:25:39","guid":{"rendered":"http:\/\/teuthorn.net\/reise\/?page_id=2"},"modified":"2022-08-30T23:20:18","modified_gmt":"2022-08-30T21:20:18","slug":"about","status":"publish","type":"page","link":"http:\/\/teuthorn.net\/reise\/about","title":{"rendered":"Hier &#038; Heute"},"content":{"rendered":"\n<h4 class=\"wp-block-heading\"><strong><span style=\"color: #65a8ec;\"><em>Dies soll ein Reisetagebuch f\u00fcr Familie und Freunde sein, eigentlich nicht \u00f6ffentlich, andererseits aber leicht zug\u00e4nglich. &#8211; Ihr kennt ja alle diesen \u00c4rger mit der Zugangssperre Passwort.<\/em><\/span><\/strong><\/h4>\n\n\n\n<hr class=\"wp-block-separator has-alpha-channel-opacity\"\/>\n\n\n\n<figure class=\"wp-block-gallery has-nested-images columns-2 is-cropped wp-block-gallery-1 is-layout-flex wp-block-gallery-is-layout-flex\">\n<figure class=\"wp-block-image size-medium\"><img loading=\"lazy\" decoding=\"async\" width=\"600\" height=\"651\" data-id=\"2147\" src=\"http:\/\/teuthorn.net\/reise\/wp-content\/uploads\/2022\/08\/20220515_140558-600x651.jpg\" alt=\"\" class=\"wp-image-2147\" srcset=\"http:\/\/teuthorn.net\/reise\/wp-content\/uploads\/2022\/08\/20220515_140558-600x651.jpg 600w, http:\/\/teuthorn.net\/reise\/wp-content\/uploads\/2022\/08\/20220515_140558-944x1024.jpg 944w, http:\/\/teuthorn.net\/reise\/wp-content\/uploads\/2022\/08\/20220515_140558-300x325.jpg 300w, http:\/\/teuthorn.net\/reise\/wp-content\/uploads\/2022\/08\/20220515_140558-768x833.jpg 768w, http:\/\/teuthorn.net\/reise\/wp-content\/uploads\/2022\/08\/20220515_140558-1416x1536.jpg 1416w, http:\/\/teuthorn.net\/reise\/wp-content\/uploads\/2022\/08\/20220515_140558-1170x1269.jpg 1170w, http:\/\/teuthorn.net\/reise\/wp-content\/uploads\/2022\/08\/20220515_140558.jpg 1582w\" sizes=\"(max-width: 600px) 100vw, 600px\" \/><figcaption class=\"wp-element-caption\">Aus dem arch\u00e4ologischen Museum Herakleion<\/figcaption><\/figure>\n<\/figure>\n\n\n\n<hr class=\"wp-block-separator has-alpha-channel-opacity\"\/>\n\n\n\n<div style=\"height:100px\" aria-hidden=\"true\" class=\"wp-block-spacer\"><\/div>\n\n\n<div class=\"wp-block-image\">\n<figure class=\"aligncenter\"><a href=\"http:\/\/teuthorn.net\/reise\/wp-content\/uploads\/2016\/05\/Poberow_Strandzugang_2685.jpg\"><img loading=\"lazy\" decoding=\"async\" width=\"600\" height=\"400\" src=\"http:\/\/teuthorn.net\/reise\/wp-content\/uploads\/2016\/05\/Poberow_Strandzugang_2685-600x400.jpg\" alt=\"\" class=\"wp-image-1629\" srcset=\"http:\/\/teuthorn.net\/reise\/wp-content\/uploads\/2016\/05\/Poberow_Strandzugang_2685-600x400.jpg 600w, http:\/\/teuthorn.net\/reise\/wp-content\/uploads\/2016\/05\/Poberow_Strandzugang_2685-300x200.jpg 300w, http:\/\/teuthorn.net\/reise\/wp-content\/uploads\/2016\/05\/Poberow_Strandzugang_2685-1024x683.jpg 1024w, http:\/\/teuthorn.net\/reise\/wp-content\/uploads\/2016\/05\/Poberow_Strandzugang_2685-624x416.jpg 624w\" sizes=\"(max-width: 600px) 100vw, 600px\" \/><\/a><figcaption class=\"wp-element-caption\">Poberow &#8211; Pobierowo 2017<\/figcaption><\/figure><\/div>\n\n<div class=\"wp-block-image\">\n<figure class=\"aligncenter\"><a href=\"http:\/\/teuthorn.net\/reise\/wp-content\/uploads\/2018\/06\/eb_poberow-1024x660.jpg\"><img loading=\"lazy\" decoding=\"async\" width=\"600\" height=\"387\" src=\"http:\/\/teuthorn.net\/reise\/wp-content\/uploads\/2018\/06\/eb_poberow-1024x660-600x387.jpg\" alt=\"\" class=\"wp-image-2007\" srcset=\"http:\/\/teuthorn.net\/reise\/wp-content\/uploads\/2018\/06\/eb_poberow-1024x660-600x387.jpg 600w, http:\/\/teuthorn.net\/reise\/wp-content\/uploads\/2018\/06\/eb_poberow-1024x660-300x193.jpg 300w, http:\/\/teuthorn.net\/reise\/wp-content\/uploads\/2018\/06\/eb_poberow-1024x660-768x495.jpg 768w, http:\/\/teuthorn.net\/reise\/wp-content\/uploads\/2018\/06\/eb_poberow-1024x660.jpg 1024w\" sizes=\"(max-width: 600px) 100vw, 600px\" \/><\/a><figcaption class=\"wp-element-caption\">Und so fotographierte Peters Gro\u00dfmutter Erica den Strandzugang vor 90 Jahren.<\/figcaption><\/figure><\/div>\n\n\n<p class=\"has-text-align-center\">***<\/p>\n\n\n\n<h4 class=\"wp-block-heading\"><span style=\"color: #65a8ec;\"><em>Zwei meiner Genealogie-Freunde haben eBooks zu ihren Lieblingspl\u00e4tzen auf den Kanaren geschrieben: <\/em><\/span><\/h4>\n\n\n\n<ul class=\"wp-block-list\"><li><strong>El Hierro <\/strong>&#8211; Urlaubsziel &amp; Zuhauuse<br>(eBook &amp; Paperback)<br>Autor <em>Emil Francke<\/em> informiert dazu auf seiner <a href=\"https:\/\/emilfrancke.jimdo.com\/\">Autorenseite<\/a>.<\/li><li><strong>Fuerteventura<\/strong> &#8211; Insel unserer Tr\u00e4ume: Erkundung einer rauen Sch\u00f6nheit<br>(eBook &amp; Paperback)<br>Der Familienforscher <em>Gerd Pechstein<\/em> nimmt regelm\u00e4\u00dfig auf Fuerteventura eine Auszeit von der Genealogie. <a href=\"https:\/\/www.amazon.de\/Fuerteventura-Sch%C3%B6nheit-unterhaltsames-faszinierenden-Landschaften\/dp\/3748110219\/ref=dp_ob_title_bk\">Kindle Edition<\/a><\/li><\/ul>\n\n\n\n<p class=\"has-text-align-center\">***<\/p>\n\n\n\n<h4 class=\"wp-block-heading\"><span style=\"color: #65a8ec;\"><em>Aber auf geht&#8217;s! <a style=\"color: #65a8ec;\" href=\"http:\/\/teuthorn.net\/reise\/unterwegs\">Wir sind ja UNTERWEGS&nbsp;<\/a> oder per RSS-Feed informiert (im Footer versteckt).<\/em><\/span><\/h4>\n","protected":false},"excerpt":{"rendered":"<p>Dies soll ein Reisetagebuch f\u00fcr Familie und Freunde sein, eigentlich nicht \u00f6ffentlich, andererseits aber leicht zug\u00e4nglich. &#8211; Ihr kennt ja alle diesen \u00c4rger mit der Zugangssperre Passwort. *** Zwei meiner Genealogie-Freunde haben eBooks zu ihren Lieblingspl\u00e4tzen auf den Kanaren geschrieben:&#8230;<br \/><a class=\"read-more-button\" href=\"http:\/\/teuthorn.net\/reise\/about\">Mehr Lesen<\/a><\/p>\n","protected":false},"author":1,"featured_media":0,"parent":0,"menu_order":2,"comment_status":"closed","ping_status":"closed","template":"","meta":{"footnotes":""},"class_list":["post-2","page","type-page","status-publish","hentry"],"_links":{"self":[{"href":"http:\/\/teuthorn.net\/reise\/wp-json\/wp\/v2\/pages\/2"}],"collection":[{"href":"http:\/\/teuthorn.net\/reise\/wp-json\/wp\/v2\/pages"}],"about":[{"href":"http:\/\/teuthorn.net\/reise\/wp-json\/wp\/v2\/types\/page"}],"author":[{"embeddable":true,"href":"http:\/\/teuthorn.net\/reise\/wp-json\/wp\/v2\/users\/1"}],"replies":[{"embeddable":true,"href":"http:\/\/teuthorn.net\/reise\/wp-json\/wp\/v2\/comments?post=2"}],"version-history":[{"count":54,"href":"http:\/\/teuthorn.net\/reise\/wp-json\/wp\/v2\/pages\/2\/revisions"}],"predecessor-version":[{"id":2151,"href":"http:\/\/teuthorn.net\/reise\/wp-json\/wp\/v2\/pages\/2\/revisions\/2151"}],"wp:attachment":[{"href":"http:\/\/teuthorn.net\/reise\/wp-json\/wp\/v2\/media?parent=2"}],"curies":[{"name":"wp","href":"https:\/\/api.w.org\/{rel}","templated":true}]}}