{"id":1342,"date":"2010-10-26T13:08:47","date_gmt":"2010-10-26T23:38:47","guid":{"rendered":"http:\/\/teuthorn.net\/feuilleton\/?page_id=1342"},"modified":"2018-06-01T22:47:32","modified_gmt":"2018-06-01T22:47:32","slug":"fam1","status":"publish","type":"page","link":"https:\/\/teuthorn.net\/feuilleton\/?page_id=1342","title":{"rendered":"Familiengeschichte Teuthorn"},"content":{"rendered":"<p>Die unten aufgelisteten Kapitel werden mit dem Ergebnis der Forschungen Schritt f\u00fcr Schritt vervollst\u00e4ndigt.<\/p>\n<table style=\"height: 277px;\" border=\"0\" width=\"526\">\n<tbody>\n<tr>\n<td valign=\"top\">\n<ul>\n<li><a href=\"http:\/\/www.teu-net.de\/genealogie\/geschichte\/ziel.html\">Zielsetzung<\/a><\/li>\n<li><a href=\"http:\/\/www.teu-net.de\/genealogie\/geschichte\/kurzgeschichte.html\">Familiengeschichte im \u00dcberblick<\/a><\/li>\n<li><a href=\"http:\/\/www.teu-net.de\/genealogie\/geschichte\/migration.htm\">Migration<\/a> &#8211; Eine Visualisierung<\/li>\n<li><a href=\"http:\/\/www.teu-net.de\/genealogie\/geschichte\/americanteuthorns.html\">Auswanderung nach Amerika<\/a><\/li>\n<li><a href=\"http:\/\/www.teu-net.de\/genealogie\/geschichte\/Fam_US.htm\">Teuthorn families in the United States<\/a><\/li>\n<li><a href=\"http:\/\/www.teu-net.de\/genealogie\/geschichte\/FamLin\/FamLin.html\">Die Familien-Linien<\/a><br \/>\n<a href=\"http:\/\/www.teu-net.de\/genealogie\/navi-vaterlinien.html\">Verzweigung zu den einzelnen Linien<\/a><br \/>\n<a href=\"http:\/\/www.teu-net.de\/genealogie\/geschichte\/FamLin\/FamLin-I_Fkhsn.html\"><br \/>\nTeuthorns, eine Ratsfamilie in Frankenhausen<\/a> (I)<br \/>\n<a href=\"http:\/\/www.teu-net.de\/genealogie\/geschichte\/FamLin\/FamLin-II.html\">Teuthorns in Esperstedt<\/a> (II)<br \/>\n<a href=\"http:\/\/www.teu-net.de\/genealogie\/geschichte\/FamLin\/FamLin-III.html\">Teuthorns in Ringleben<\/a> (III)<br \/>\nTeuthorns in Greussen (IV)<br \/>\n<a href=\"http:\/\/www.teu-net.de\/genealogie\/geschichte\/FamLin\/FamLin-V_Eisleben.html\">Teuthorns in Eisleben<\/a> (V)<br \/>\n&#8211; <a href=\"http:\/\/www.teu-net.de\/genealogie\/geschichte\/jever\/jeverfamspuren.htm\">Ausw. in die Grafschaft Jever<\/a> (V.2)<br \/>\n<a href=\"http:\/\/www.teu-net.de\/genealogie\/geschichte\/FamLin\/FamLin-VI_Hessen.html\">Die hessischen Teuthorns<\/a> (VI)<br \/>\n<a href=\"http:\/\/www.teu-net.de\/genealogie\/geschichte\/FamLin\/FamLin-VII_Fehmarn.html\"> Die Fehmarner Linie<\/a> (VII)<br \/>\nDie Arterner Linie (VIII)<br \/>\n<a href=\"http:\/\/www.teu-net.de\/genealogie\/geschichte\/FamLin\/FamLin-IX_Leipz.html\">Die Leipziger Teuthorns<\/a> (IX)<\/li>\n<\/ul>\n<\/td>\n<td valign=\"top\">\n<ul>\n<li>Familienlinien Forts.<a href=\"http:\/\/www.teu-net.de\/genealogie\/geschichte\/FamLin\/FamLin-X_Boston.htm\"><br \/>\nTeuthorns in Boston<\/a> (X)<br \/>\nDie kurze Zeit in Pegau (XI)<br \/>\n<a href=\"http:\/\/www.teu-net.de\/genealogie\/geschichte\/FamLin\/FamLin-XII_Kiel.html\">Die Kieler Teuthorns<\/a> (XII)<a href=\"http:\/\/www.teu-net.de\/genealogie\/geschichte\/FamLin\/FamLin-XIII_Chic.html\"><br \/>\nThe Teuthorns of the U.S.<\/a> &#8211; Otto &amp; William (XIII)<br \/>\n<a href=\"http:\/\/www.teu-net.de\/genealogie\/geschichte\/FamLin\/FamLin-XIV_Hoboken.html\">Teuthorn Sisters in Hoboken<\/a> &#8211; Louisa &amp; Petra (XIV)<br \/>\n&#8211; The Prellberg Family in NJ. (XIV.2)<a href=\"http:\/\/www.teu-net.de\/genealogie\/geschichte\/FamLin\/FamLin-XV_Chile.html\"><br \/>\nImmigraci\u00f3n en Chile<\/a> desde cerca 1870 (XV) <strong>NUEVO<br \/>\n<\/strong>Die Greifswalder Linie (XVI)<a href=\"http:\/\/www.teu-net.de\/genealogie\/geschichte\/mainz\/mainzer_teuthorns.htm\"><br \/>\nDie katholischen Teuthorns in Mainz 17. Jh<\/a><\/li>\n<li><a href=\"http:\/\/www.teu-net.de\/genealogie\/geschichte\/teuthorn_abstamm.htm\">Teuthorn-Abstammungen<\/a><\/li>\n<li><a href=\"http:\/\/www.teu-net.de\/genealogie\/geschichte\/namensvarianten.html\">Der Name Teuthorn <\/a><\/li>\n<li><a href=\"http:\/\/www.teu-net.de\/genealogie\/archiv\/wappen&amp;siegel\/wap.html\">Wappen und Siegel<\/a><\/li>\n<li><a href=\"http:\/\/www.teu-net.de\/genealogie\/geschichte\/ungeordnetes\/index.htm\">Ungeordnete Texte<\/a><\/li>\n<\/ul>\n<\/td>\n<\/tr>\n<\/tbody>\n<\/table>\n<p>&nbsp;<\/p>\n","protected":false},"excerpt":{"rendered":"<p>Die unten aufgelisteten Kapitel werden mit dem Ergebnis der Forschungen Schritt f\u00fcr Schritt vervollst\u00e4ndigt. Zielsetzung Familiengeschichte im \u00dcberblick Migration &#8211; Eine Visualisierung Auswanderung nach Amerika Teuthorn families in the United <a class=\"more-link\" href=\"https:\/\/teuthorn.net\/feuilleton\/?page_id=1342\">Lesen Sie weiter &#8230;<\/a><\/p>\n","protected":false},"author":1,"featured_media":0,"parent":1350,"menu_order":1,"comment_status":"closed","ping_status":"closed","template":"","meta":{"_crdt_document":"","footnotes":""},"class_list":["post-1342","page","type-page","status-publish","hentry"],"_links":{"self":[{"href":"https:\/\/teuthorn.net\/feuilleton\/index.php?rest_route=\/wp\/v2\/pages\/1342","targetHints":{"allow":["GET"]}}],"collection":[{"href":"https:\/\/teuthorn.net\/feuilleton\/index.php?rest_route=\/wp\/v2\/pages"}],"about":[{"href":"https:\/\/teuthorn.net\/feuilleton\/index.php?rest_route=\/wp\/v2\/types\/page"}],"author":[{"embeddable":true,"href":"https:\/\/teuthorn.net\/feuilleton\/index.php?rest_route=\/wp\/v2\/users\/1"}],"replies":[{"embeddable":true,"href":"https:\/\/teuthorn.net\/feuilleton\/index.php?rest_route=%2Fwp%2Fv2%2Fcomments&post=1342"}],"version-history":[{"count":1,"href":"https:\/\/teuthorn.net\/feuilleton\/index.php?rest_route=\/wp\/v2\/pages\/1342\/revisions"}],"predecessor-version":[{"id":7425,"href":"https:\/\/teuthorn.net\/feuilleton\/index.php?rest_route=\/wp\/v2\/pages\/1342\/revisions\/7425"}],"up":[{"embeddable":true,"href":"https:\/\/teuthorn.net\/feuilleton\/index.php?rest_route=\/wp\/v2\/pages\/1350"}],"wp:attachment":[{"href":"https:\/\/teuthorn.net\/feuilleton\/index.php?rest_route=%2Fwp%2Fv2%2Fmedia&parent=1342"}],"curies":[{"name":"wp","href":"https:\/\/api.w.org\/{rel}","templated":true}]}}