{"id":1350,"date":"2010-10-26T13:21:20","date_gmt":"2010-10-26T23:51:20","guid":{"rendered":"http:\/\/teuthorn.net\/feuilleton\/?page_id=1350"},"modified":"2010-10-26T13:21:20","modified_gmt":"2010-10-26T23:51:20","slug":"fam0","status":"publish","type":"page","link":"https:\/\/teuthorn.net\/feuilleton\/?page_id=1350","title":{"rendered":"FAMILIE"},"content":{"rendered":"<table border=\"0\" width=\"50%\">\n<tbody>\n<tr>\n<td><a href=\"http:\/\/www.teu-net.de\/genealogie\/orte\/frankenhausen\/index.html\"><img decoding=\"async\" src=\"http:\/\/www.teu-net.de\/genealogie\/bilder\/frankenhausen\/f-baeckerei140.jpg\" border=\"0\" alt=\"\" width=\"140\" height=\"94\" \/><\/a><\/td>\n<td><img decoding=\"async\" src=\"http:\/\/www.teu-net.de\/genealogie\/bilder\/frankenhausen\/f-schloss140.jpg\" alt=\"\" width=\"140\" height=\"92\" \/><\/td>\n<td><img decoding=\"async\" src=\"http:\/\/www.teu-net.de\/genealogie\/bilder\/frankenhausen\/f-unterkirche140.jpg\" alt=\"\" width=\"140\" height=\"93\" \/><\/td>\n<td><\/td>\n<\/tr>\n<\/tbody>\n<\/table>\n<h3>Vom th\u00fcringischen Frankenhausen in die Welt<\/h3>\n<p>Unter dieses Motto habe ich meine Familienforschung gestellt. Au\u00dfer Th\u00fcringen liegen weitere Schwerpunkte in Hessen, Schleswig-Holstein und den USA. Meine Daten ordne ich mit GF Ahnen. Meine Darstellungen sind in Essay-Form gehalten und folgen damit bewusst nicht der \u00fcblichen genealogisch            systematisierten Form. Die M\u00f6glichkeiten der Genealogie-Software nutze ich, um meine Mitteilungen zu veranschaulichen und in den Einzelheiten            nachvollziehbar zu machen.<br \/>\nDiese Website ist als ein gemeinsames Ged\u00e4chtnis der Gro\u00df-Familie gedacht. Die Informationen werden sukzessive erweitert. Eine Einbettung in geschichtliche Zusammenh\u00e4nge wird unter der gleichnamigen Rubrik  versucht.<br \/>\nTrotz Begeisterung f\u00fcr die modernen Kommunikationsformen Web &amp;  Blog bin ich \u00fcberzeugter Anh\u00e4nger konservativer Publikationsformen  in Genealogischen Zeitschriften.<\/p>\n","protected":false},"excerpt":{"rendered":"<p>Vom th\u00fcringischen Frankenhausen in die Welt Unter dieses Motto habe ich meine Familienforschung gestellt. Au\u00dfer Th\u00fcringen liegen weitere Schwerpunkte in Hessen, Schleswig-Holstein und den USA. Meine Daten ordne ich mit <a class=\"more-link\" href=\"https:\/\/teuthorn.net\/feuilleton\/?page_id=1350\">Lesen Sie weiter &#8230;<\/a><\/p>\n","protected":false},"author":1,"featured_media":0,"parent":0,"menu_order":3,"comment_status":"closed","ping_status":"closed","template":"onecolumn-page.php","meta":{"_crdt_document":"","footnotes":""},"class_list":["post-1350","page","type-page","status-publish","hentry"],"_links":{"self":[{"href":"https:\/\/teuthorn.net\/feuilleton\/index.php?rest_route=\/wp\/v2\/pages\/1350","targetHints":{"allow":["GET"]}}],"collection":[{"href":"https:\/\/teuthorn.net\/feuilleton\/index.php?rest_route=\/wp\/v2\/pages"}],"about":[{"href":"https:\/\/teuthorn.net\/feuilleton\/index.php?rest_route=\/wp\/v2\/types\/page"}],"author":[{"embeddable":true,"href":"https:\/\/teuthorn.net\/feuilleton\/index.php?rest_route=\/wp\/v2\/users\/1"}],"replies":[{"embeddable":true,"href":"https:\/\/teuthorn.net\/feuilleton\/index.php?rest_route=%2Fwp%2Fv2%2Fcomments&post=1350"}],"version-history":[{"count":0,"href":"https:\/\/teuthorn.net\/feuilleton\/index.php?rest_route=\/wp\/v2\/pages\/1350\/revisions"}],"wp:attachment":[{"href":"https:\/\/teuthorn.net\/feuilleton\/index.php?rest_route=%2Fwp%2Fv2%2Fmedia&parent=1350"}],"curies":[{"name":"wp","href":"https:\/\/api.w.org\/{rel}","templated":true}]}}