{"id":3097,"date":"2013-03-12T17:56:14","date_gmt":"2013-03-12T16:56:14","guid":{"rendered":"http:\/\/teuthorn.net\/feuilleton\/?page_id=3097"},"modified":"2019-05-21T10:48:17","modified_gmt":"2019-05-21T10:48:17","slug":"zeitschriften","status":"publish","type":"page","link":"https:\/\/teuthorn.net\/feuilleton\/?page_id=3097","title":{"rendered":"ZEITSCHRIFTEN"},"content":{"rendered":"<h3>Aufs\u00e4tze in Elekronischen Zeitschriften<\/h3>\n<p><em><span style=\"color: #993300;\">Thekla Klutig: Die &#8222;Deutsche Zenralstelle f\u00fcr Genealogie&#8220; &#8211; Mythos und Realit\u00e4t&#8220;<\/span>.<br \/>\n<\/em><a href=\"http:\/\/www.archive.nrw.de\/archivar\/hefte\/2013\/ausgabe1\/ARCHIVAR_01-13_internet.pdf\" target=\"_blank\" rel=\"noopener\">http:\/\/www.archive.nrw.de\/archivar\/hefte\/<\/a><a href=\"http:\/\/www.archive.nrw.de\/archivar\/hefte\/2013\/ausgabe1\/ARCHIVAR_01-13_internet.pdf\" target=\"_blank\" rel=\"noopener\">2013\/ausgabe1\/ARCHIVAR_01-13_internet.pdf<\/a><br \/>\n<em><span style=\"color: #993300;\">Karl Kroeschell: Der Amtmann &#8211; Zur Kulturgeschichte eines Juristenberufs <\/span><\/em>(Erstver\u00f6ffentlichung), in forum historiae iuris, 24. Januar, 2002, <a href=\"http:\/\/fhi.rg.mpg.de\/articles\/pdf-files\/0201kroeschell.pdf\" target=\"_blank\" rel=\"noopener\"><br \/>\n<\/a><a href=\"https:\/\/forhistiur.de\/2002-01-kroeschell\/?l=de\" target=\"_blank\" rel=\"noopener\">https:\/\/forhistiur.de\/2002-01-kroeschell\/?l=de<\/a><br \/>\n____________________<\/p>\n<h3>Rezensio.net &#8211; Geschichte \/ <a href=\"http:\/\/www.recensio.net\/front-page\" target=\"_blank\" rel=\"noopener\">Hauptseite<\/a><\/h3>\n<p>Ekkehard Henschke rezensiert im <a href=\"http:\/\/www.recensio.net\/rezensionen\/zeitschriften\/archiv-fuer-sozialgeschichte\/2011\/06\/kleine-geschichte-der-leipziger-studentenschaft-1409-1989\/?searchterm=Hoyer\" target=\"_blank\" rel=\"noopener\">Archiv f\u00fcr Sozialgeschichte, 2011, 06<\/a>:<br \/>\n<span style=\"color: #993300;\"><em>Siegfried Hoyer: Kleine Geschichte der Leipziger Studentenschaft<\/em><\/span> 1409-1989 2010, ISBN 978-3-86583-480-5<\/p>\n","protected":false},"excerpt":{"rendered":"<p>Aufs\u00e4tze in Elekronischen Zeitschriften Thekla Klutig: Die &#8222;Deutsche Zenralstelle f\u00fcr Genealogie&#8220; &#8211; Mythos und Realit\u00e4t&#8220;. http:\/\/www.archive.nrw.de\/archivar\/hefte\/2013\/ausgabe1\/ARCHIVAR_01-13_internet.pdf Karl Kroeschell: Der Amtmann &#8211; Zur Kulturgeschichte eines Juristenberufs (Erstver\u00f6ffentlichung), in forum historiae iuris, <a class=\"more-link\" href=\"https:\/\/teuthorn.net\/feuilleton\/?page_id=3097\">Lesen Sie weiter &#8230;<\/a><\/p>\n","protected":false},"author":1,"featured_media":0,"parent":37,"menu_order":5,"comment_status":"closed","ping_status":"closed","template":"","meta":{"_crdt_document":"","footnotes":""},"class_list":["post-3097","page","type-page","status-publish","hentry"],"_links":{"self":[{"href":"https:\/\/teuthorn.net\/feuilleton\/index.php?rest_route=\/wp\/v2\/pages\/3097","targetHints":{"allow":["GET"]}}],"collection":[{"href":"https:\/\/teuthorn.net\/feuilleton\/index.php?rest_route=\/wp\/v2\/pages"}],"about":[{"href":"https:\/\/teuthorn.net\/feuilleton\/index.php?rest_route=\/wp\/v2\/types\/page"}],"author":[{"embeddable":true,"href":"https:\/\/teuthorn.net\/feuilleton\/index.php?rest_route=\/wp\/v2\/users\/1"}],"replies":[{"embeddable":true,"href":"https:\/\/teuthorn.net\/feuilleton\/index.php?rest_route=%2Fwp%2Fv2%2Fcomments&post=3097"}],"version-history":[{"count":2,"href":"https:\/\/teuthorn.net\/feuilleton\/index.php?rest_route=\/wp\/v2\/pages\/3097\/revisions"}],"predecessor-version":[{"id":8187,"href":"https:\/\/teuthorn.net\/feuilleton\/index.php?rest_route=\/wp\/v2\/pages\/3097\/revisions\/8187"}],"up":[{"embeddable":true,"href":"https:\/\/teuthorn.net\/feuilleton\/index.php?rest_route=\/wp\/v2\/pages\/37"}],"wp:attachment":[{"href":"https:\/\/teuthorn.net\/feuilleton\/index.php?rest_route=%2Fwp%2Fv2%2Fmedia&parent=3097"}],"curies":[{"name":"wp","href":"https:\/\/api.w.org\/{rel}","templated":true}]}}