{"id":3286,"date":"2013-06-11T19:07:38","date_gmt":"2013-06-11T17:07:38","guid":{"rendered":"http:\/\/teuthorn.net\/feuilleton\/?page_id=3286"},"modified":"2013-06-11T19:07:38","modified_gmt":"2013-06-11T17:07:38","slug":"familie-bachmann-corvinus","status":"publish","type":"page","link":"https:\/\/teuthorn.net\/feuilleton\/?page_id=3286","title":{"rendered":"Familie Bachmann-Corvinus"},"content":{"rendered":"<p><span style=\"color: #993300;\"><em>Die Art und Weise, wie ich publiziere, n\u00e4mlich sowohl im Internet als auch per Druck, bringt es mit sich, dass an einem bestimmten Punkt die \u00dcbersicht leiden kann. Deshalb und weil nicht alles vorher Ge\u00e4u\u00dferte in das Druckerzeugnis eingehen kann, versuche ich, auf dieser Seite das bisher Gesagte zusammenzufassen.<\/em><\/span><br \/>\nDie Familie BACHMANN-CORVINUS ist die m\u00fctterliche Seite meiner Vaterlinie. Eine umfangreiche Darstellung habe ich im Jahr 2012 unter dem Titel<\/p>\n<p style=\"padding-left: 30px;\"><span style=\"color: #993300;\">Erinnerungen an Gro\u00dfmutter Erica, 1885 &#8211; 1970 \/ Ihre Zeit und ihre Familie, Selbstverlag, Gilching 2012, 175 Seiten.<\/span><\/p>\n<p style=\"padding-left: 30px;\">&#8211; <a href=\"http:\/\/teuthorn.net\/feuilleton\/?p=2863\" target=\"_blank\">Klappentext<\/a> und Inhaltsverzeichnis<br \/>\n&#8211; Hinweis auf <a href=\"http:\/\/teuthorn.net\/feuilleton\/?p=2904\" target=\"_blank\">Lulu<\/a>-Selfpublishing<\/p>\n<p>vorgelegt.\u00a0 Das wurde mit einer Auflage von 30 Exemplaren im engeren Familienkreis verteilt.\u00a0 Hinter dem bewusst verharmlosenden Titel verbergen sich in einem Zeitraum von etwa 1850 bis 1970 erinnerte und recherchierte Vergangenheit in Vorpommern und Mecklenburg,\u00a0 die Kriegsereignisse um 1945 und die anschlie\u00dfend erzwungene Wanderung der Familie nach Westdeutschland. Ein Exemplar ist im <a href=\"http:\/\/www.amf-verein.de\/wir\/popup-archiv.html\" target=\"_blank\">Archiv der AMF<\/a> hinterlegt.<br \/>\nZuvor hatte ich die Familie CORVINUS in einem Aufsatz behandelt, n\u00e4mlich<\/p>\n<p style=\"padding-left: 30px;\"><span style=\"color: #993300;\">Die Familie Corvinus &#8211; Leben und Legende, in Der Herold, Neue Folge Band 17, Jahrgang 52 (2009) Heft 1-2\/2009, S. 405-415.<\/span><\/p>\n<p style=\"padding-left: 30px;\">&#8211; Hiermit wird eine <a href=\"http:\/\/www.teu-net.de\/genealogie\/geschichte\/bachmann\/corvinus.html\" target=\"_blank\">fr\u00fchere Darstellung<\/a> deutlich erweitert und seinerzeit offene Fragen werden gel\u00f6st.<br \/>\n&#8211; Der Artikel zum Ort <a href=\"http:\/\/www.teu-net.de\/genealogie\/orte\/bachmannorte\/index.html\" target=\"_blank\">Birnbaum <\/a>in Posen bleibt weiter aktuell und f\u00fcr die Familiengeschichte wichtig.<\/p>\n<p>In diesem Blog habe ich seit 2007 jeweils in einer dem Format entsprechenden K\u00fcrze \u00fcber den Fortschritt in der Darstellung dieses Teils unserer Familiengeschichte gegeben. Die relevanten Links folgen in chronologischer Reihe.<br \/>\n<a href=\"http:\/\/teuthorn.net\/feuilleton\/?p=18\" target=\"_blank\">Corvus, der Rabe<\/a> \/ <a href=\"http:\/\/teuthorn.net\/feuilleton\/?p=309\" target=\"_blank\">Corvinus \u2013 der tote Punkt<\/a> \/ <a href=\"http:\/\/teuthorn.net\/feuilleton\/?p=519\" target=\"_blank\">Gef\u00e4lschte Lebensl\u00e4ufe auf dem Sofa lesen<\/a> \/ <a href=\"http:\/\/teuthorn.net\/feuilleton\/?p=1088\" target=\"_blank\">Abstammungslinie CORVINUS<\/a> \/ <a href=\"http:\/\/teuthorn.net\/feuilleton\/?p=1733\" target=\"_blank\">Die Walther-Bachmann-Flugzeugwerke KG<\/a> \/ <a href=\"http:\/\/teuthorn.net\/feuilleton\/?p=2213\" target=\"_blank\">Willmenrod \u2013 ein Ort wird 800<\/a> \/ <a href=\"http:\/\/teuthorn.net\/feuilleton\/?p=2764\" target=\"_blank\">Erinnerungen an Gro\u00dfmutter Erica II<\/a> \/ <a href=\"http:\/\/teuthorn.net\/feuilleton\/?p=2863\" target=\"_blank\">Erinnerungen an Gro\u00dfmutter Erica III<\/a> \/<br \/>\nUnd die Forschung geht nat\u00fcrlich weiter. Erst heute erhielt ich diesen phantastischen Link zum <a href=\"http:\/\/www.zaklady-fotograficzne-stettin.com\/page197.html\" target=\"_blank\">Photoatelier<\/a> meines Urgro\u00dfvaters Christian Bachmann in Stettin. Auf dieser Basis entstand der folgende <a href=\"http:\/\/teuthorn.net\/feuilleton\/?p=3306\" target=\"_self\">Blogartikel<\/a>.<br \/>\nSelbstverst\u00e4ndlich beantworte ich interessierten Forschern gerne Fragen zu diesen Familien.<br \/>\n___________________________<br \/>\nDiese Seite hat zur Zeit 2 Unterseiten, die \u00fcber die Navigation &#8218;Familie\/Familie Bachmann-Corvinus&#8216; erreicht werden.<\/p>\n","protected":false},"excerpt":{"rendered":"<p>Die Art und Weise, wie ich publiziere, n\u00e4mlich sowohl im Internet als auch per Druck, bringt es mit sich, dass an einem bestimmten Punkt die \u00dcbersicht leiden kann. Deshalb und <a class=\"more-link\" href=\"https:\/\/teuthorn.net\/feuilleton\/?page_id=3286\">Lesen Sie weiter &#8230;<\/a><\/p>\n","protected":false},"author":1,"featured_media":0,"parent":1350,"menu_order":2,"comment_status":"closed","ping_status":"closed","template":"onecolumn-page.php","meta":{"_crdt_document":"","footnotes":""},"class_list":["post-3286","page","type-page","status-publish","hentry"],"_links":{"self":[{"href":"https:\/\/teuthorn.net\/feuilleton\/index.php?rest_route=\/wp\/v2\/pages\/3286","targetHints":{"allow":["GET"]}}],"collection":[{"href":"https:\/\/teuthorn.net\/feuilleton\/index.php?rest_route=\/wp\/v2\/pages"}],"about":[{"href":"https:\/\/teuthorn.net\/feuilleton\/index.php?rest_route=\/wp\/v2\/types\/page"}],"author":[{"embeddable":true,"href":"https:\/\/teuthorn.net\/feuilleton\/index.php?rest_route=\/wp\/v2\/users\/1"}],"replies":[{"embeddable":true,"href":"https:\/\/teuthorn.net\/feuilleton\/index.php?rest_route=%2Fwp%2Fv2%2Fcomments&post=3286"}],"version-history":[{"count":0,"href":"https:\/\/teuthorn.net\/feuilleton\/index.php?rest_route=\/wp\/v2\/pages\/3286\/revisions"}],"up":[{"embeddable":true,"href":"https:\/\/teuthorn.net\/feuilleton\/index.php?rest_route=\/wp\/v2\/pages\/1350"}],"wp:attachment":[{"href":"https:\/\/teuthorn.net\/feuilleton\/index.php?rest_route=%2Fwp%2Fv2%2Fmedia&parent=3286"}],"curies":[{"name":"wp","href":"https:\/\/api.w.org\/{rel}","templated":true}]}}