{"id":3322,"date":"2013-06-11T23:53:39","date_gmt":"2013-06-11T21:53:39","guid":{"rendered":"http:\/\/teuthorn.net\/feuilleton\/?page_id=3322"},"modified":"2013-06-11T23:53:39","modified_gmt":"2013-06-11T21:53:39","slug":"die-quelle","status":"publish","type":"page","link":"https:\/\/teuthorn.net\/feuilleton\/?page_id=3322","title":{"rendered":"Die Quelle Moellendorf &amp; Bachmann"},"content":{"rendered":"<p>Die hervorragende Website von Richard Halabura bedarf noch einer besonderen W\u00fcrdigung. Zun\u00e4chst m\u00f6chte ich einfach den folgenden Link empfehlen:<br \/>\n<a href=\"http:\/\/www.zaklady-fotograficzne-stettin.com\/page390.html\" target=\"_blank\">http:\/\/www.zaklady-fotograficzne-stettin.com\/page390.html<\/a><\/p>\n<div id=\"SL_balloon_obj\" style=\"display: none;\">\n<div id=\"SL_shadow_translator\">\n<div id=\"SL_providers\">\n<div id=\"SL_P0\" class=\"SL_BL_LABLE_ON\" title=\"Google\">G<\/div>\n<div id=\"SL_P1\" class=\"SL_BL_LABLE_ON\" title=\"Microsoft\">M<\/div>\n<div id=\"SL_P2\" class=\"SL_BL_LABLE_ON\" title=\"Translator\">T<\/div>\n<\/div>\n<div id=\"SL_planshet\" style=\"background: #f4f5f5 url(chrome:\/\/imtranslator\/content\/img\/util\/bg2.png) repeat scroll 0% 0%;\">\n<div id=\"SL_TB\">\n<table id=\"SL_tables\">\n<tr>\n<td width=\"10%\" align=\"right\"><input id=\"SLloc\" title=\"Lock-in language\" type=\"checkbox\" \/><\/td>\n<td width=\"20%\" align=\"left\"><select id=\"SL_lng_from\"><option value=\"auto\">Detect language<\/option><option value=\"af\">Afrikaans<\/option><option value=\"sq\">Albanian<\/option><option value=\"ar\">Arabic<\/option><option value=\"hy\">Armenian<\/option><option value=\"az\">Azerbaijani<\/option><option value=\"eu\">Basque<\/option><option value=\"be\">Belarusian<\/option><option value=\"bn\">Bengali<\/option><option value=\"bs\">Bosnian<\/option><option value=\"bg\">Bulgarian<\/option><option value=\"ca\">Catalan<\/option><option value=\"ceb\">Cebuano<\/option><option value=\"ny\">Chichewa<\/option><option value=\"zh-CN\">Chinese (Simplified)<\/option><option value=\"zh-TW\">Chinese (Traditional)<\/option><option value=\"hr\">Croatian<\/option><option value=\"cs\">Czech<\/option><option value=\"da\">Danish<\/option><option value=\"nl\">Dutch<\/option><option value=\"en\">English<\/option><option value=\"eo\">Esperanto<\/option><option value=\"et\">Estonian<\/option><option value=\"tl\">Filipino<\/option><option value=\"fi\">Finnish<\/option><option value=\"fr\">French<\/option><option value=\"gl\">Galician<\/option><option value=\"ka\">Georgian<\/option><option value=\"de\">German<\/option><option value=\"el\">Greek<\/option><option value=\"gu\">Gujarati<\/option><option value=\"ht\">Haitian Creole<\/option><option value=\"ha\">Hausa<\/option><option value=\"iw\">Hebrew<\/option><option value=\"hi\">Hindi<\/option><option value=\"hmn\">Hmong<\/option><option value=\"hu\">Hungarian<\/option><option value=\"is\">Icelandic<\/option><option value=\"ig\">Igbo<\/option><option value=\"id\">Indonesian<\/option><option value=\"ga\">Irish<\/option><option value=\"it\">Italian<\/option><option value=\"ja\">Japanese<\/option><option value=\"jw\">Javanese<\/option><option value=\"kn\">Kannada<\/option><option value=\"kk\">Kazakh<\/option><option value=\"km\">Khmer<\/option><option value=\"ko\">Korean<\/option><option value=\"lo\">Lao<\/option><option value=\"la\">Latin<\/option><option value=\"lv\">Latvian<\/option><option value=\"lt\">Lithuanian<\/option><option value=\"mk\">Macedonian<\/option><option value=\"mg\">Malagasy<\/option><option value=\"ms\">Malay<\/option><option value=\"ml\">Malayalam<\/option><option value=\"mt\">Maltese<\/option><option value=\"mi\">Maori<\/option><option value=\"mr\">Marathi<\/option><option value=\"mn\">Mongolian<\/option><option value=\"my\">Myanmar (Burmese)<\/option><option value=\"ne\">Nepali<\/option><option value=\"no\">Norwegian<\/option><option value=\"fa\">Persian<\/option><option value=\"pl\">Polish<\/option><option value=\"pt\">Portuguese<\/option><option value=\"pa\">Punjabi<\/option><option value=\"ro\">Romanian<\/option><option value=\"ru\">Russian<\/option><option value=\"sr\">Serbian<\/option><option value=\"st\">Sesotho<\/option><option value=\"si\">Sinhala<\/option><option value=\"sk\">Slovak<\/option><option value=\"sl\">Slovenian<\/option><option value=\"so\">Somali<\/option><option value=\"es\">Spanish<\/option><option value=\"su\">Sundanese<\/option><option value=\"sw\">Swahili<\/option><option value=\"sv\">Swedish<\/option><option value=\"tg\">Tajik<\/option><option value=\"ta\">Tamil<\/option><option value=\"te\">Telugu<\/option><option value=\"th\">Thai<\/option><option value=\"tr\">Turkish<\/option><option value=\"uk\">Ukrainian<\/option><option value=\"ur\">Urdu<\/option><option value=\"uz\">Uzbek<\/option><option value=\"vi\">Vietnamese<\/option><option value=\"cy\">Welsh<\/option><option value=\"yi\">Yiddish<\/option><option value=\"yo\">Yoruba<\/option><option value=\"zu\">Zulu<\/option><\/select><\/td>\n<td width=\"5%\" align=\"center\"><\/td>\n<td width=\"20%\" align=\"left\"><select id=\"SL_lng_to\"><option value=\"af\">Afrikaans<\/option><option value=\"sq\">Albanian<\/option><option value=\"ar\">Arabic<\/option><option value=\"hy\">Armenian<\/option><option value=\"az\">Azerbaijani<\/option><option value=\"eu\">Basque<\/option><option value=\"be\">Belarusian<\/option><option value=\"bn\">Bengali<\/option><option value=\"bs\">Bosnian<\/option><option value=\"bg\">Bulgarian<\/option><option value=\"ca\">Catalan<\/option><option value=\"ceb\">Cebuano<\/option><option value=\"ny\">Chichewa<\/option><option value=\"zh-CN\">Chinese (Simplified)<\/option><option value=\"zh-TW\">Chinese (Traditional)<\/option><option value=\"hr\">Croatian<\/option><option value=\"cs\">Czech<\/option><option value=\"da\">Danish<\/option><option value=\"nl\">Dutch<\/option><option value=\"en\">English<\/option><option value=\"eo\">Esperanto<\/option><option value=\"et\">Estonian<\/option><option value=\"tl\">Filipino<\/option><option value=\"fi\">Finnish<\/option><option value=\"fr\">French<\/option><option value=\"gl\">Galician<\/option><option value=\"ka\">Georgian<\/option><option value=\"de\">German<\/option><option value=\"el\">Greek<\/option><option value=\"gu\">Gujarati<\/option><option value=\"ht\">Haitian Creole<\/option><option value=\"ha\">Hausa<\/option><option value=\"iw\">Hebrew<\/option><option value=\"hi\">Hindi<\/option><option value=\"hmn\">Hmong<\/option><option value=\"hu\">Hungarian<\/option><option value=\"is\">Icelandic<\/option><option value=\"ig\">Igbo<\/option><option value=\"id\">Indonesian<\/option><option value=\"ga\">Irish<\/option><option value=\"it\">Italian<\/option><option value=\"ja\">Japanese<\/option><option value=\"jw\">Javanese<\/option><option value=\"kn\">Kannada<\/option><option value=\"kk\">Kazakh<\/option><option value=\"km\">Khmer<\/option><option value=\"ko\">Korean<\/option><option value=\"lo\">Lao<\/option><option value=\"la\">Latin<\/option><option value=\"lv\">Latvian<\/option><option value=\"lt\">Lithuanian<\/option><option value=\"mk\">Macedonian<\/option><option value=\"mg\">Malagasy<\/option><option value=\"ms\">Malay<\/option><option value=\"ml\">Malayalam<\/option><option value=\"mt\">Maltese<\/option><option value=\"mi\">Maori<\/option><option value=\"mr\">Marathi<\/option><option value=\"mn\">Mongolian<\/option><option value=\"my\">Myanmar (Burmese)<\/option><option value=\"ne\">Nepali<\/option><option value=\"no\">Norwegian<\/option><option value=\"fa\">Persian<\/option><option value=\"pl\">Polish<\/option><option value=\"pt\">Portuguese<\/option><option value=\"pa\">Punjabi<\/option><option value=\"ro\">Romanian<\/option><option value=\"ru\">Russian<\/option><option value=\"sr\">Serbian<\/option><option value=\"st\">Sesotho<\/option><option value=\"si\">Sinhala<\/option><option value=\"sk\">Slovak<\/option><option value=\"sl\">Slovenian<\/option><option value=\"so\">Somali<\/option><option value=\"es\">Spanish<\/option><option value=\"su\">Sundanese<\/option><option value=\"sw\">Swahili<\/option><option value=\"sv\">Swedish<\/option><option value=\"tg\">Tajik<\/option><option value=\"ta\">Tamil<\/option><option value=\"te\">Telugu<\/option><option value=\"th\">Thai<\/option><option value=\"tr\">Turkish<\/option><option value=\"uk\">Ukrainian<\/option><option value=\"ur\">Urdu<\/option><option value=\"uz\">Uzbek<\/option><option value=\"vi\">Vietnamese<\/option><option value=\"cy\">Welsh<\/option><option value=\"yi\">Yiddish<\/option><option value=\"yo\">Yoruba<\/option><option value=\"zu\">Zulu<\/option><\/select><\/td>\n<td width=\"5%\" align=\"center\"><\/td>\n<td width=\"6%\" align=\"center\"><\/td>\n<td width=\"6%\" align=\"center\"><\/td>\n<td width=\"6%\" align=\"center\"><\/td>\n<td width=\"6%\" align=\"center\"><\/td>\n<td width=\"10%\"><\/td>\n<td width=\"6%\" align=\"right\"><\/td>\n<\/tr>\n<\/table>\n<\/div>\n<\/div>\n<div id=\"SL_alert100\" style=\"background: transparent url(chrome:\/\/imtranslator\/content\/img\/util\/bg2.png) repeat scroll 0% 0%;\">Text-to-speech function is limited to 100 characters<\/div>\n<div id=\"SL_Balloon_options\" style=\"background: #ffffff url(chrome:\/\/imtranslator\/content\/img\/util\/bg3.png) repeat scroll 0% 0%;\"><a id=\"OPlnk\" title=\"Show options\" href=\"#\">Options<\/a> : <a id=\"HISTlnk\" title=\"Translation History\" href=\"#\">History<\/a> : <a id=\"HELPlnk\" title=\"Help\" href=\"http:\/\/about.imtranslator.net\/tutorials\/presentations\/imtranslator-translator-for-firefox\/popup-bubble-application\/\" target=\"_blank\">Help<\/a> : <a id=\"FBlnk\" title=\"Feedback\" href=\"#\">Feedback<\/a><a id=\"SL_Balloon_Close\" title=\"Close\" href=\"#\">Close<\/a><\/div>\n<\/div>\n<\/div>\n","protected":false},"excerpt":{"rendered":"<p>Die hervorragende Website von Richard Halabura bedarf noch einer besonderen W\u00fcrdigung. Zun\u00e4chst m\u00f6chte ich einfach den folgenden Link empfehlen: http:\/\/www.zaklady-fotograficzne-stettin.com\/page390.html G M T Detect languageAfrikaansAlbanianArabicArmenianAzerbaijaniBasqueBelarusianBengaliBosnianBulgarianCatalanCebuanoChichewaChinese (Simplified)Chinese (Traditional)CroatianCzechDanishDutchEnglishEsperantoEstonianFilipinoFinnishFrenchGalicianGeorgianGermanGreekGujaratiHaitian CreoleHausaHebrewHindiHmongHungarianIcelandicIgboIndonesianIrishItalianJapaneseJavaneseKannadaKazakhKhmerKoreanLaoLatinLatvianLithuanianMacedonianMalagasyMalayMalayalamMalteseMaoriMarathiMongolianMyanmar (Burmese)NepaliNorwegianPersianPolishPortuguesePunjabiRomanianRussianSerbianSesothoSinhalaSlovakSlovenianSomaliSpanishSundaneseSwahiliSwedishTajikTamilTeluguThaiTurkishUkrainianUrduUzbekVietnameseWelshYiddishYorubaZulu AfrikaansAlbanianArabicArmenianAzerbaijaniBasqueBelarusianBengaliBosnianBulgarianCatalanCebuanoChichewaChinese <a class=\"more-link\" href=\"https:\/\/teuthorn.net\/feuilleton\/?page_id=3322\">Lesen Sie weiter &#8230;<\/a><\/p>\n","protected":false},"author":1,"featured_media":0,"parent":3286,"menu_order":5,"comment_status":"closed","ping_status":"closed","template":"onecolumn-page.php","meta":{"_crdt_document":"","footnotes":""},"class_list":["post-3322","page","type-page","status-publish","hentry"],"_links":{"self":[{"href":"https:\/\/teuthorn.net\/feuilleton\/index.php?rest_route=\/wp\/v2\/pages\/3322","targetHints":{"allow":["GET"]}}],"collection":[{"href":"https:\/\/teuthorn.net\/feuilleton\/index.php?rest_route=\/wp\/v2\/pages"}],"about":[{"href":"https:\/\/teuthorn.net\/feuilleton\/index.php?rest_route=\/wp\/v2\/types\/page"}],"author":[{"embeddable":true,"href":"https:\/\/teuthorn.net\/feuilleton\/index.php?rest_route=\/wp\/v2\/users\/1"}],"replies":[{"embeddable":true,"href":"https:\/\/teuthorn.net\/feuilleton\/index.php?rest_route=%2Fwp%2Fv2%2Fcomments&post=3322"}],"version-history":[{"count":0,"href":"https:\/\/teuthorn.net\/feuilleton\/index.php?rest_route=\/wp\/v2\/pages\/3322\/revisions"}],"up":[{"embeddable":true,"href":"https:\/\/teuthorn.net\/feuilleton\/index.php?rest_route=\/wp\/v2\/pages\/3286"}],"wp:attachment":[{"href":"https:\/\/teuthorn.net\/feuilleton\/index.php?rest_route=%2Fwp%2Fv2%2Fmedia&parent=3322"}],"curies":[{"name":"wp","href":"https:\/\/api.w.org\/{rel}","templated":true}]}}