{"id":36,"date":"2008-09-04T02:43:20","date_gmt":"2008-09-04T13:13:20","guid":{"rendered":"http:\/\/teuthorn.net\/feuilleton\/?page_id=36"},"modified":"2020-06-12T13:04:44","modified_gmt":"2020-06-12T11:04:44","slug":"pket","status":"publish","type":"page","link":"https:\/\/teuthorn.net\/feuilleton\/?page_id=36","title":{"rendered":"Biographische Schnipsel"},"content":{"rendered":"<p><strong>Reisen und Kochen <\/strong>scheinen nach dem Tagesjob die wichtigsten Besch\u00e4ftigungen vieler Zeitgenossen. Dementsprechend \u00fcppig fallen die Auslassungen dazu aus. Ich hatte mich deshalb vor Jahren auf kleine<a title=\"Reise-Impressionen\" href=\"http:\/\/www.teu-net.de\/reise\" target=\"_blank\" rel=\"noopener noreferrer\"> Impressionen<\/a> beschr\u00e4nkt.<\/p>\n<ul>\n<li>Gelegentlich bin ich neuerdings nun aber auch <a href=\"http:\/\/teuthorn.net\/reise\/\" target=\"_blank\" rel=\"noopener noreferrer\">Unterwegs mit Frankenhusanus<\/a>.<\/li>\n<li>Das ist der Typ, mit dem ich auch gerne koche, also <a title=\"Kochen mit Frankenhusanus\" href=\"http:\/\/frankenhusanus.jimdo.com\/\" target=\"_blank\" rel=\"noopener noreferrer\">Kochen mit Frankenhusanus<\/a>.\u00a0 Nachdem die Rezepte aus PeterKochkiste ihre Aufgabe als \u00dcbungsmaterial f\u00fcr das Erlernen von Datenbanken eingeb\u00fc\u00dft haben, sind sie dorthin gezogen.<\/li>\n<\/ul>\n<p>Diese Blogs sind eigentlich nur f\u00fcr meine Familie und Freunde gedacht.<\/p>\n<ul>\n<li><strong>Lesen?<\/strong> Ich habe bei Amazon einige <a href=\"https:\/\/www.amazon.de\/gp\/profile\/amzn1.account.AEMZF7LNS3DNJUYR6GUD2PGFHFOA?preview=true\" target=\"_blank\" rel=\"noopener noreferrer\">Rezensionen <\/a>hinterlegt. Wenn ich mich nach dem Lesen eines Buches noch\u00a0 lange mit dem Thema, Inhalt oder bearbeiteten Problem besch\u00e4ftige, es mir also nicht aus dem Kopf geht, hat sich die Lekt\u00fcre gelohnt. Die beste Methode, sich \u00fcber das, was das Buch bewirkt hat, klar zu werden, es danach aber auch aus dem Kopf zu nehmen, ist es, eine Rezension zu versuchen. Ihr habt richtig verstanden. <span style=\"color: #993300;\">Ich tu&#8217;s nicht f\u00fcr euch, sondern f\u00fcr mich. Ja!<\/span> &#8211; Aber wieso schon wieder ein Pseudonym? Diese uns\u00e4gliche Angst entdeckt und ausgenutzt (oder nur zugespammt) zu werden! Bitte, verratet mich nicht!<\/li>\n<li><strong>Recherche<\/strong> <a href=\"http:\/\/books.google.com\/books?uid=6234300551402180221&amp;hl=de\" target=\"_blank\" rel=\"noopener noreferrer\">Meine Google-Bibliothek<\/a><br \/>\nGoogle hat viel bewegt, und es lohnt sich\u00a0 &#8211; bei aller berechtigten Vorsicht &#8211; die Angebote auszutesten. F\u00fcr meine Familienforschung ist die Google-Buchsuche unersetzbar. Es gibt jede Menge Schw\u00e4chen &#8211; klar! Aber ganz wichtige Hinweise verdanke ich der digitalen Durchsuchbarkeit von B\u00fcchern, die ich sonst nie in die Hand genommen h\u00e4tte. Warum? Weil ich sie bei meiner herk\u00f6mmlichen Recherche einfach nicht gefunden h\u00e4tte. Da muss man doch ehrlich sein!<strong>\u00a0<\/strong><\/li>\n<li>Neuerdings gibt es nun auch noch diesen Emil Francke, ein richtges alter ego. In seinem Reisebuch hat er doch tats\u00e4chlich auch drei genealogische Kapitel untergebracht. Ich werde sie demn\u00e4chst vielleicht f\u00fcr die Familienforscher extrahieren.<\/li>\n<\/ul>\n","protected":false},"excerpt":{"rendered":"<p>Reisen und Kochen scheinen nach dem Tagesjob die wichtigsten Besch\u00e4ftigungen vieler Zeitgenossen. Dementsprechend \u00fcppig fallen die Auslassungen dazu aus. Ich hatte mich deshalb vor Jahren auf kleine Impressionen beschr\u00e4nkt. Gelegentlich <a class=\"more-link\" href=\"https:\/\/teuthorn.net\/feuilleton\/?page_id=36\">Lesen Sie weiter &#8230;<\/a><\/p>\n","protected":false},"author":1,"featured_media":0,"parent":4790,"menu_order":6,"comment_status":"closed","ping_status":"closed","template":"","meta":{"_crdt_document":"","footnotes":""},"class_list":["post-36","page","type-page","status-publish","hentry"],"_links":{"self":[{"href":"https:\/\/teuthorn.net\/feuilleton\/index.php?rest_route=\/wp\/v2\/pages\/36","targetHints":{"allow":["GET"]}}],"collection":[{"href":"https:\/\/teuthorn.net\/feuilleton\/index.php?rest_route=\/wp\/v2\/pages"}],"about":[{"href":"https:\/\/teuthorn.net\/feuilleton\/index.php?rest_route=\/wp\/v2\/types\/page"}],"author":[{"embeddable":true,"href":"https:\/\/teuthorn.net\/feuilleton\/index.php?rest_route=\/wp\/v2\/users\/1"}],"replies":[{"embeddable":true,"href":"https:\/\/teuthorn.net\/feuilleton\/index.php?rest_route=%2Fwp%2Fv2%2Fcomments&post=36"}],"version-history":[{"count":13,"href":"https:\/\/teuthorn.net\/feuilleton\/index.php?rest_route=\/wp\/v2\/pages\/36\/revisions"}],"predecessor-version":[{"id":9110,"href":"https:\/\/teuthorn.net\/feuilleton\/index.php?rest_route=\/wp\/v2\/pages\/36\/revisions\/9110"}],"up":[{"embeddable":true,"href":"https:\/\/teuthorn.net\/feuilleton\/index.php?rest_route=\/wp\/v2\/pages\/4790"}],"wp:attachment":[{"href":"https:\/\/teuthorn.net\/feuilleton\/index.php?rest_route=%2Fwp%2Fv2%2Fmedia&parent=36"}],"curies":[{"name":"wp","href":"https:\/\/api.w.org\/{rel}","templated":true}]}}