{"id":38,"date":"2008-09-04T02:55:35","date_gmt":"2008-09-04T00:55:35","guid":{"rendered":"http:\/\/teuthorn.net\/feuilleton\/?page_id=38"},"modified":"2025-04-08T17:28:38","modified_gmt":"2025-04-08T15:28:38","slug":"impressum","status":"publish","type":"page","link":"https:\/\/teuthorn.net\/feuilleton\/?page_id=38","title":{"rendered":"IMPRESSUM mit DSGVO"},"content":{"rendered":"\n<h3 class=\"wp-block-heading\">Impressum<\/h3>\n\n\n\n<p class=\"wp-block-paragraph\">Verantwortlich f\u00fcr die eigenen Beitr\u00e4ge dieses Blogs ist:<br \/>Peter Teuthorn<br \/>Sonnenstr. 65<br \/>82205 Gilching<br \/>Tel. +49 8105 1392<br \/>Email: p (\u00e4tt) teu-net.de<\/p>\n\n\n\n<p class=\"wp-block-paragraph\"><em><strong>Copyright<\/strong><\/em>: Texte und Fotos &#8211; soweit nicht anders angegeben &#8211; (c) Peter Teuthorn 2005-2025<\/p>\n\n\n\n<p class=\"wp-block-paragraph\"><em><strong>Foto Header:<\/strong><\/em> Blick von New Jersey auf die Skyline des s\u00fcdlichen Manhattan mit seinen Piers<\/p>\n\n\n\n<p class=\"wp-block-paragraph\"><em><strong>Disclaimer?<\/strong><\/em> Auf Millionen von deutschen Websites folgt an dieser Stelle ein DISCLAIMER. Wer Augen im Kopf hat, wird erkennen, dass ich weder rassistische, noch diskriminierende oder in irgendeiner Weise die Moral und die Grenzen des Anstands verletzende \u00c4u\u00dferungen beabsichtige. Wenn jemand so etwas aber unterstellen will oder mir \u00fcber Links, auf die ich ahnungslos gesetzt habe, solche Absicht meint nachweisen zu k\u00f6nnen, werde ich mich so oder so rechtfertigen m\u00fcssen, und zwar ob ich einen Disclaimer gesetzt habe oder ob nicht.<\/p>\n\n\n\n<p class=\"wp-block-paragraph\"><em><strong>Webtechnologie<\/strong><\/em>: WordPress mit Theme <span class=\"theme-name\">Chicago Pro by<\/span> <span class=\"theme-author\"><a href=\"https:\/\/catchthemes.com\/\" target=\"_blank\" rel=\"noopener noreferrer\">Catch Themes<\/a><\/span><\/p>\n\n\n\n<h3 class=\"wp-block-heading\">Datenschutzgrundverordnung (DSGVO)<\/h3>\n\n\n\n<p class=\"wp-block-paragraph\">Man hat mir gesagt, das was jetzt folgt, m\u00fcsse sein. Wirklich? Nun gut, ich verlange bei Kommentaren nun keine Identifikation per eMail-Adresse mehr. In der Folge werde ich alle \u00c4u\u00dferungen, die mir seltsam erscheinen, die also vermutlich von B\u00f6sewichten stammen, l\u00f6schen. Nehmt mir also bitte mein Misstrauen nicht \u00fcbel. Was mein Webhoster zul\u00e4sst oder verhindert, kann ich ohne Sachverst\u00e4ndigen und Rechtsbeistand nicht beurteilen. Das was jetzt folgt ist abgeschrieben und entspricht meinem Verhalten eines privaten Bloggers, der Datenschutz achtet und selbst von anderen die Achtung seiner Privatsph\u00e4re erwartet, hoffentlich entspricht es auch den den vorgeschriebenen formalen Anforderungen, um sich vor Abmahnanw\u00e4lten zu sch\u00fctzen. Also:<\/p>\n\n\n\n<p class=\"wp-block-paragraph\">Die rechtlichen Grundlagen des Datenschutzes finden sich in der Europ\u00e4ischen Datenschutzgrundverordnung (EU-DSGVO), im Bundesdatenschutzgesetz (BDSG) und im Telemediengesetz (TMG) wieder. &#8211; Der Beteiber dieser rein privaten Blog-Seite erhebt und sammelt grunds\u00e4tzlich bewusst keine pers\u00f6nlichen Daten der Besucher.<\/p>\n\n\n\n<p class=\"wp-block-paragraph\"><b>Zugriffsdaten\/ Server-Logfiles<\/b><br \/>Der Internetdienstleister erhebt Daten \u00fcber jeden Zugriff auf diese Seiten (so genannte Serverlogfiles). Zu den Zugriffsdaten geh\u00f6ren: Datum und Uhrzeit des Abrufs, Browsertyp nebst Version, das Betriebssystem des Nutzers, Referrer URL (die zuvor besuchte Seite) und die IP-Adresse. &#8211; Der Anbieter verwendet die Protokolldaten nur f\u00fcr statistische Auswertungen zum Zweck des Betriebes dieser Seiten. Der Anbieter beh\u00e4lt sich jedoch vor, die Protokolldaten nachtr\u00e4glich zu \u00fcberpr\u00fcfen, wenn aufgrund konkreter Anhaltspunkte der berechtigte Verdacht einer rechtswidrigen Nutzung besteht.<\/p>\n\n\n\n<p class=\"wp-block-paragraph\"><strong>Google Fonts: <\/strong>Der Autor hat diese per Plugin <em>&#8222;Disable and Remove Google Fonts&#8220;<\/em> deaktiviert. Er erkl\u00e4rt aber f\u00fcr den Fall, dass das Leistungsversprechen des Herstellers nicht v\u00f6llig eingehalten werden sollte, vorsorglich: Ich binde die Schriftarten (\u201eGoogle Fonts\u201c) des Anbieters Google ein, wobei die Daten der Nutzer allein zu Zwecken der Darstellung der Schriftarten im Browser der Nutzer verwendet werden. Die Einbindung erfolgt auf Grundlage unserer berechtigten Interessen an einer technisch sicheren, wartungsfreien und effizienten Nutzung von Schriftarten, deren einheitlicher Darstellung sowie unter Ber\u00fccksichtigung m\u00f6glicher lizenzrechtlicher Restriktionen f\u00fcr deren Einbindung; <strong>Dienstanbieter:<\/strong> Google Ireland Limited, Gordon House, Barrow Street, Dublin 4, Irland, Mutterunternehmen: Google LLC, 1600 Amphitheatre Parkway, Mountain View, CA 94043, USA; <strong>Website:<\/strong> <a rel=\"nofollow noopener\" href=\"https:\/\/fonts.google.com\/\" target=\"_blank\">https:\/\/fonts.google.com\/<\/a>; <strong>Datenschutzerkl\u00e4rung:<\/strong> <a rel=\"nofollow noopener\" href=\"https:\/\/policies.google.com\/privacy\" target=\"_blank\">https:\/\/policies.google.com\/privacy<\/a>.<\/p>\n\n\n\n<p class=\"wp-block-paragraph\"><strong>Social Media Share Buttons, <\/strong>die unter den Beitr\u00e4gen zum Hinweisgeben an die betreffenden Dienste angezeigt werden, sind mit dem DSGVO-konfomen <em>Shariff-Wrapper<\/em> reaslisiert. Damit treten sie nur in Aktion, wenn der Besucher sie durch Klick bewusst aktiviert.<\/p>\n\n\n\n<p class=\"wp-block-paragraph\"><b>Name und Anschrift des f\u00fcr die Verarbeitung Verantwortlichen<\/b><br \/>Verantwortlicher im Sinne der Datenschutz-Grundverordnung, sonstiger in den Mitgliedstaaten der Europ\u00e4ischen Union geltenden Datenschutzgesetze und anderer Bestimmungen mit datenschutzrechtlichem Charakter ist der im IMPRESSUM (s.o.) genannte Betreiber dieses Blogs.<\/p>\n","protected":false},"excerpt":{"rendered":"<p>Impressum Verantwortlich f\u00fcr die eigenen Beitr\u00e4ge dieses Blogs ist:Peter TeuthornSonnenstr. 6582205 GilchingTel. +49 8105 1392Email: p (\u00e4tt) teu-net.de Copyright: Texte und Fotos &#8211; soweit nicht anders angegeben &#8211; (c) Peter <a class=\"more-link\" href=\"https:\/\/teuthorn.net\/feuilleton\/?page_id=38\">Lesen Sie weiter &#8230;<\/a><\/p>\n","protected":false},"author":1,"featured_media":0,"parent":0,"menu_order":15,"comment_status":"closed","ping_status":"closed","template":"","meta":{"_crdt_document":"","footnotes":""},"class_list":["post-38","page","type-page","status-publish","hentry"],"_links":{"self":[{"href":"https:\/\/teuthorn.net\/feuilleton\/index.php?rest_route=\/wp\/v2\/pages\/38","targetHints":{"allow":["GET"]}}],"collection":[{"href":"https:\/\/teuthorn.net\/feuilleton\/index.php?rest_route=\/wp\/v2\/pages"}],"about":[{"href":"https:\/\/teuthorn.net\/feuilleton\/index.php?rest_route=\/wp\/v2\/types\/page"}],"author":[{"embeddable":true,"href":"https:\/\/teuthorn.net\/feuilleton\/index.php?rest_route=\/wp\/v2\/users\/1"}],"replies":[{"embeddable":true,"href":"https:\/\/teuthorn.net\/feuilleton\/index.php?rest_route=%2Fwp%2Fv2%2Fcomments&post=38"}],"version-history":[{"count":19,"href":"https:\/\/teuthorn.net\/feuilleton\/index.php?rest_route=\/wp\/v2\/pages\/38\/revisions"}],"predecessor-version":[{"id":11523,"href":"https:\/\/teuthorn.net\/feuilleton\/index.php?rest_route=\/wp\/v2\/pages\/38\/revisions\/11523"}],"wp:attachment":[{"href":"https:\/\/teuthorn.net\/feuilleton\/index.php?rest_route=%2Fwp%2Fv2%2Fmedia&parent=38"}],"curies":[{"name":"wp","href":"https:\/\/api.w.org\/{rel}","templated":true}]}}