{"id":4095,"date":"2014-09-03T23:40:47","date_gmt":"2014-09-03T21:40:47","guid":{"rendered":"http:\/\/teuthorn.net\/feuilleton\/?page_id=4095"},"modified":"2021-08-08T19:04:18","modified_gmt":"2021-08-08T17:04:18","slug":"ebook-biblio","status":"publish","type":"page","link":"https:\/\/teuthorn.net\/feuilleton\/?page_id=4095","title":{"rendered":"Fr\u00fche eBooks (bis Ende 2015)"},"content":{"rendered":"\n<p class=\"wp-block-paragraph\">Der urspr\u00fcngliche Beitrag ist \u00fcberholt und wurde deshalb gel\u00f6scht. Er enthielt unter anderem die Datei zur ersten Version von<\/p>\n\n\n\n<h3 class=\"wp-block-heading\"><strong><span style=\"color: #333300;\">Teuthorn, Peter: <em>Genealogisches Publizieren<\/em>, September 2014<\/span><\/strong><\/h3>\n\n\n\n<h3 class=\"wp-block-heading\"><strong><span style=\"color: #333300;\">Seit Sept. 2016  <a rel=\"noopener noreferrer\" href=\"http:\/\/www.buecher.de\/shop\/sachbuch\/genealogisches-publizieren-ebook-epub\/teuthorn-peter\/products_products\/detail\/prod_id\/46160862\/\" target=\"_blank\">2. Auflage<\/a>.\n<\/span><\/strong><\/h3>","protected":false},"excerpt":{"rendered":"<p>Der urspr\u00fcngliche Beitrag ist \u00fcberholt und wurde deshalb gel\u00f6scht. Er enthielt unter anderem die Datei zur ersten Version von Teuthorn, Peter: Genealogisches Publizieren, September 2014 Seit Sept. 2016 2. Auflage.<\/p>\n","protected":false},"author":1,"featured_media":0,"parent":4794,"menu_order":2,"comment_status":"closed","ping_status":"closed","template":"","meta":{"_crdt_document":"","footnotes":""},"class_list":["post-4095","page","type-page","status-publish","hentry"],"_links":{"self":[{"href":"https:\/\/teuthorn.net\/feuilleton\/index.php?rest_route=\/wp\/v2\/pages\/4095","targetHints":{"allow":["GET"]}}],"collection":[{"href":"https:\/\/teuthorn.net\/feuilleton\/index.php?rest_route=\/wp\/v2\/pages"}],"about":[{"href":"https:\/\/teuthorn.net\/feuilleton\/index.php?rest_route=\/wp\/v2\/types\/page"}],"author":[{"embeddable":true,"href":"https:\/\/teuthorn.net\/feuilleton\/index.php?rest_route=\/wp\/v2\/users\/1"}],"replies":[{"embeddable":true,"href":"https:\/\/teuthorn.net\/feuilleton\/index.php?rest_route=%2Fwp%2Fv2%2Fcomments&post=4095"}],"version-history":[{"count":4,"href":"https:\/\/teuthorn.net\/feuilleton\/index.php?rest_route=\/wp\/v2\/pages\/4095\/revisions"}],"predecessor-version":[{"id":10100,"href":"https:\/\/teuthorn.net\/feuilleton\/index.php?rest_route=\/wp\/v2\/pages\/4095\/revisions\/10100"}],"up":[{"embeddable":true,"href":"https:\/\/teuthorn.net\/feuilleton\/index.php?rest_route=\/wp\/v2\/pages\/4794"}],"wp:attachment":[{"href":"https:\/\/teuthorn.net\/feuilleton\/index.php?rest_route=%2Fwp%2Fv2%2Fmedia&parent=4095"}],"curies":[{"name":"wp","href":"https:\/\/api.w.org\/{rel}","templated":true}]}}