{"id":4320,"date":"2014-10-01T17:04:18","date_gmt":"2014-10-01T15:04:18","guid":{"rendered":"http:\/\/teuthorn.net\/feuilleton\/?page_id=4320"},"modified":"2014-10-01T17:04:18","modified_gmt":"2014-10-01T15:04:18","slug":"ebooks-lesen-epub-format-2","status":"publish","type":"page","link":"https:\/\/teuthorn.net\/feuilleton\/?page_id=4320","title":{"rendered":"eBooks lesen"},"content":{"rendered":"<p>Urspr\u00fcnglich ging es selbstverst\u00e4ndlich darum, statt ein Buch aufzuschlagen dieses in digitaler Form auf einem <strong>eBook-Reader<\/strong> zu lesen. Die Ger\u00e4te &#8211; z.B.\u00a0 Kobo, Sony, Tolino &#8211; zeichnen sich daf\u00fcr durch Eigenschaften aus, wie: handliches Format, optische Leseeigenschaften ganz nahe am Buch, schwarz-wei\u00df (keine Farbe), <strong>spiegelungsfreies Display<\/strong>, <strong>lange Akku-Lauzeit<\/strong>, hohe Speicherkapazit\u00e4t von mehr als 1000 B\u00fcchern auf einem Ger\u00e4t, direkte Anbindung an einen eBook-Shop. Das ePub-Format kann aber auch auf anderen Ger\u00e4ten ausgegeben werden, so dass sich mir augenblicklich (Okt. 2014) folgende M\u00f6glichkeiten anbieten:<\/p>\n<ol>\n<li>Reader Sony TR, Kobo, Tolino<\/li>\n<li>Firefox-Browser mit ePub-Add-on<\/li>\n<li>Android-Smartphone<\/li>\n<li>Android-Tablet<\/li>\n<\/ol>\n<h2>Smartphone &amp; Tablet<\/h2>\n<p>Die Wiedergabe erfolgt \u00fcber APPs (Web<strong>app<\/strong>lications).\u00a0 Ihr Nutzen erschlie\u00dft sich dem Nutzer \u00fcber ihre praktische Handhabung. Am g\u00fcnstigsten f\u00fcr mich empfinde ich die<\/p>\n<h3 style=\"padding-left: 30px;\">App Google-Play-Book.<\/h3>\n<p style=\"padding-left: 30px;\">\u00dcber die Menue-Taste gelangt man direkt in das Inhaltsverzeichnis mit der praktischen Unterteilung Kapitel, Lesezeichen, Notizen. Auch die Anzeigeoptionen f\u00fcr Schriftgr\u00f6\u00dfe etc. sind schnell \u00fcber die Menue-Taste zu erreichen. Interessant ist die Vorlese-Funktion. Bei allen kritisch-einschr\u00e4nkenden\u00a0 Anmerkungen ist das doch eine schon recht weit gelungene Entwicklung.\u00a0 Sehr gelungen ist die Suchfunktion am oberen Displayrand.\u00a0 Die Suchergebnisse werden mit einem Ausschnitt des sie umgebenden Textes angezeigt. Der f\u00fcr mich gr\u00f6\u00dfte Vorteil dieser App ist jedoch die F\u00e4higkeit, bei einem Bild in dessen h\u00f6here Aufl\u00f6sungsstufen zoomen zu k\u00f6nnen.<\/p>\n<p style=\"padding-left: 30px;\">Die bei Smartphones und Tablets gegebene Farbdarstellung in Verbindung mit der Zoomfunktion f\u00fcr Bilder machen das Lesen von ePub-Formaten auf solchen Ger\u00e4ten sehr angenehm.<\/p>\n<h3 style=\"padding-left: 30px;\">App eBook.de<\/h3>\n<p style=\"padding-left: 30px;\">Bei dieser App, deren Funktionen ich von meinem Sony-Reader kenne, liegt das Menue \u00fcbersichtlich am oberen Displayrand. Eigentlich noch angenehmer als bei Google.Book. Lediglich die mir wichtige Zoomfunktion gibt der Google-App einen Vorteil.<\/p>\n<h2>Firefox-Browser mit Erweiterung EPUBReader<\/h2>\n<p><em>&#8222;EPUB-Dateien direkt in Ihrem Browser lesen. Es wird keine zus\u00e4tzliche Software ben\u00f6tigt.Wenn Sie auf einer Website auf einen ePub-Link klicken, \u00f6ffnet sich normalerweise der Firefox &#8222;Speichern&#8220;-Dialog. Wenn Sie EPUBReader installiert haben, \u00f6ffnet sich dieser Dialog nicht, stattdessen wird die ePub-Datei heruntergeladen, verarbeitet und direkt lesefertig angezeigt! Wenn Sie bereits ePub-Dateien auf Ihrem Rechner gespeichert haben, k\u00f6nnen Sie diese \u00fcber das Firefox-Men\u00fc &#8222;Datei\/Datei \u00f6ffnen&#8220; \u00f6ffnen.&#8220;<\/em><\/p>\n<h2>Andere Viewer am PC<\/h2>\n<h3 style=\"padding-left: 30px;\">Adobe Digital Editions<\/h3>\n<p style=\"padding-left: 30px;\">&#8230; diese Anwendung hat man meistens wegen der DRM-Kodierung ohnehin installiert. Mit dem edlen Adobe-Design machen eigene Dateien richtig etwas her. Ein Grund, eine EPUB-Datei mit dieser Software zu \u00f6ffnen, k\u00f6nnte in der gut steuerbaren Druckfunktion f\u00fcr Einzelseiten des eBooks liegen.<\/p>\n<p>(Wird m\u00f6glicherweise erg\u00e4nzend fortgesetzt.)<\/p>\n","protected":false},"excerpt":{"rendered":"<p>Urspr\u00fcnglich ging es selbstverst\u00e4ndlich darum, statt ein Buch aufzuschlagen dieses in digitaler Form auf einem eBook-Reader zu lesen. Die Ger\u00e4te &#8211; z.B.\u00a0 Kobo, Sony, Tolino &#8211; zeichnen sich daf\u00fcr durch <a class=\"more-link\" href=\"https:\/\/teuthorn.net\/feuilleton\/?page_id=4320\">Lesen Sie weiter &#8230;<\/a><\/p>\n","protected":false},"author":1,"featured_media":0,"parent":4317,"menu_order":4,"comment_status":"closed","ping_status":"closed","template":"onecolumn-page.php","meta":{"_crdt_document":"","footnotes":""},"class_list":["post-4320","page","type-page","status-publish","hentry"],"_links":{"self":[{"href":"https:\/\/teuthorn.net\/feuilleton\/index.php?rest_route=\/wp\/v2\/pages\/4320","targetHints":{"allow":["GET"]}}],"collection":[{"href":"https:\/\/teuthorn.net\/feuilleton\/index.php?rest_route=\/wp\/v2\/pages"}],"about":[{"href":"https:\/\/teuthorn.net\/feuilleton\/index.php?rest_route=\/wp\/v2\/types\/page"}],"author":[{"embeddable":true,"href":"https:\/\/teuthorn.net\/feuilleton\/index.php?rest_route=\/wp\/v2\/users\/1"}],"replies":[{"embeddable":true,"href":"https:\/\/teuthorn.net\/feuilleton\/index.php?rest_route=%2Fwp%2Fv2%2Fcomments&post=4320"}],"version-history":[{"count":0,"href":"https:\/\/teuthorn.net\/feuilleton\/index.php?rest_route=\/wp\/v2\/pages\/4320\/revisions"}],"up":[{"embeddable":true,"href":"https:\/\/teuthorn.net\/feuilleton\/index.php?rest_route=\/wp\/v2\/pages\/4317"}],"wp:attachment":[{"href":"https:\/\/teuthorn.net\/feuilleton\/index.php?rest_route=%2Fwp%2Fv2%2Fmedia&parent=4320"}],"curies":[{"name":"wp","href":"https:\/\/api.w.org\/{rel}","templated":true}]}}