{"id":4790,"date":"2015-08-19T23:12:24","date_gmt":"2015-08-19T21:12:24","guid":{"rendered":"http:\/\/teuthorn.net\/feuilleton\/?page_id=4790"},"modified":"2018-06-03T22:34:28","modified_gmt":"2018-06-03T22:34:28","slug":"was-noch","status":"publish","type":"page","link":"https:\/\/teuthorn.net\/feuilleton\/?page_id=4790","title":{"rendered":"Autor"},"content":{"rendered":"<h3><em>Ver\u00f6ffentlichungen Peter Teuthorn (siehe Navigation)<\/em><\/h3>\n<ul>\n<li>\n<h4>Gesamt\u00fcbersicht Genealogische Titel<\/h4>\n<h4><\/h4>\n<\/li>\n<li>\n<h4>Die Familie Teuthorn-Nagel<\/h4>\n<\/li>\n<\/ul>\n<p style=\"padding-left: 90px;\"><a href=\"http:\/\/teuthorn.net\/feuilleton\/?page_id=5918\">Erg\u00e4nzungen \/ Korrekturen \/ Add-ons<\/a><\/p>\n<ul>\n<li>\n<h4>Bildb\u00e4nde<\/h4>\n<h4><\/h4>\n<\/li>\n<li>\n<h4>Anderes<\/h4>\n<\/li>\n<\/ul>\n","protected":false},"excerpt":{"rendered":"<p>Ver\u00f6ffentlichungen Peter Teuthorn (siehe Navigation) Gesamt\u00fcbersicht Genealogische Titel Die Familie Teuthorn-Nagel Erg\u00e4nzungen \/ Korrekturen \/ Add-ons Bildb\u00e4nde Anderes<\/p>\n","protected":false},"author":1,"featured_media":0,"parent":0,"menu_order":12,"comment_status":"closed","ping_status":"closed","template":"","meta":{"_crdt_document":"","footnotes":""},"class_list":["post-4790","page","type-page","status-publish","hentry"],"_links":{"self":[{"href":"https:\/\/teuthorn.net\/feuilleton\/index.php?rest_route=\/wp\/v2\/pages\/4790","targetHints":{"allow":["GET"]}}],"collection":[{"href":"https:\/\/teuthorn.net\/feuilleton\/index.php?rest_route=\/wp\/v2\/pages"}],"about":[{"href":"https:\/\/teuthorn.net\/feuilleton\/index.php?rest_route=\/wp\/v2\/types\/page"}],"author":[{"embeddable":true,"href":"https:\/\/teuthorn.net\/feuilleton\/index.php?rest_route=\/wp\/v2\/users\/1"}],"replies":[{"embeddable":true,"href":"https:\/\/teuthorn.net\/feuilleton\/index.php?rest_route=%2Fwp%2Fv2%2Fcomments&post=4790"}],"version-history":[{"count":2,"href":"https:\/\/teuthorn.net\/feuilleton\/index.php?rest_route=\/wp\/v2\/pages\/4790\/revisions"}],"predecessor-version":[{"id":7298,"href":"https:\/\/teuthorn.net\/feuilleton\/index.php?rest_route=\/wp\/v2\/pages\/4790\/revisions\/7298"}],"wp:attachment":[{"href":"https:\/\/teuthorn.net\/feuilleton\/index.php?rest_route=%2Fwp%2Fv2%2Fmedia&parent=4790"}],"curies":[{"name":"wp","href":"https:\/\/api.w.org\/{rel}","templated":true}]}}