{"id":4794,"date":"2015-08-19T23:14:12","date_gmt":"2015-08-19T21:14:12","guid":{"rendered":"http:\/\/teuthorn.net\/feuilleton\/?page_id=4794"},"modified":"2023-08-11T20:48:23","modified_gmt":"2023-08-11T18:48:23","slug":"pt-autorenseite","status":"publish","type":"page","link":"https:\/\/teuthorn.net\/feuilleton\/?page_id=4794","title":{"rendered":"Genealogische Publikationen"},"content":{"rendered":"\n<ul class=\"wp-block-list\">\n<li>Teuthorn, Peter (2003): Chirurgen &amp; Barbiere. Eine Darstellung am Beispiel der St\u00e4dte Frankenhausen, Kiel und Segeberg zwischen 1750 und 1900 und der Familien Sibbern, Nagel und Teuthorn. TeuNet. Online verf\u00fcgbar unter <a rel=\"noopener noreferrer\" href=\"http:\/\/www.teu-net.de\/geschichte\/texte\/chirurgen\/chirurgen&amp;barbiere.pdf\" target=\"_blank\">http:\/\/www.teu-net.de\/geschichte\/texte\/chirurgen\/chirurgen&amp;barbiere.pdf<\/a>.<\/li>\n\n\n\n<li>Teuthorn, Peter (2005): Der Petersdorfer Organist Gotthardt Teuthorn und seine Familie. In: <em>Familienkundliches Jahrbuch Schleswig-Holstein <\/em>Jahrgang 44, S. 104\u2013113.<\/li>\n\n\n\n<li>Teuthorn, Peter (2006): Die Hessischen Teuthorns. Eine Amtmannfamilie in der Landgrafschaft Hessen-Darmstadt des 18. Jahrhunderts. In: <em>Hessische Familienkunde <\/em>Band 29 (Heft 4\/2006), (Sp.) 251-280.<\/li>\n\n\n\n<li>Teuthorn, Peter (2021): <span id=\"page49R_mcid461\" class=\"markedContent\"><span dir=\"ltr\" role=\"presentation\">Eine neue biographische Notiz zu Georg Teuthorn (1733-1821),<\/span><\/span><span id=\"page49R_mcid462\" class=\"markedContent\"> <span dir=\"ltr\" role=\"presentation\">Amtmann zu Burggmu\u0308nden. In <em>Hessische Familienkunde,<\/em> <span id=\"page49R_mcid0\" class=\"markedContent\"><a href=\"http:\/\/teuthorn.net\/feuilleton\/wp-content\/uploads\/2022\/04\/HFK-44-2021-04-Teuthorn.pdf\" target=\"_blank\" rel=\"noreferrer noopener\">HFK 44, 4, (Sp.) 209-210<\/a>.<\/span><\/span><\/span><\/li>\n\n\n\n<li>Teuthorn, Peter (2006): Die Leipziger Teuthorns. Gilching: Selfpublishing (printed by Lulu.com).<\/li>\n\n\n\n<li>Teuthorn, Peter (2007): Stephanus Teuthorn Frankenhusanus &#8211; ein Th\u00fcringer als Rektor der Stadtschule in Hannover und der Domschule in Riga. Zur Mobilit\u00e4t in der Fr\u00fchen Neuzeit. In: <em>Zeitschrift f\u00fcr Mitteldeutsche Familiengeschichte (ZMFG) <\/em> Jahrgang (Heft 4\/2007), 220 &#8211; 228.<\/li>\n\n\n\n<li>Teuthorn, Peter (2009): Die Familie Corvinus &#8211; Leben und Legende. In: <em>Der Herold <\/em>Neue Folge Band 17 &#8211; Jahrgang 52 (Heft 1-2\/2009), 405-415.<\/li>\n\n\n\n<li>Teuthorn, Peter (2009): Ganze Bibliotheken im Internet, Das M\u00fcnchener Digitalisierungszentrum stellt sich vor. In: <em>Computergenealogie <\/em>Jahrgang 24 (Heft 3\/2009), S. 21.<\/li>\n\n\n\n<li>Teuthorn, Peter (2010): Wider die Sorglosigkeit. Eine Art Rezension zu Heft 4\/2009 sowie ein Pl\u00e4doyer f\u00fcr eine konsequente Quellenverwaltung. In: <em>Computergenealogie <\/em>Jahrgang 25 (Heft 1\/2010), 19-20.<\/li>\n\n\n\n<li>Teuthorn, Peter (2011): Bildung, Beruf, \u00d6ffentliches Amt &#8211; \u00dcberlegungen zur Oberschicht Frankenhausens in der Zeit Th\u00f6ldes. Vortrag anl\u00e4sslich der dem Salinisten Johann Th\u00f6lde gewidtmeten wissenschaftshistorischen Tagung in Bad Frankenhausen (Kyffh\u00e4user). In: Hans-Henning Walter (Hg.): Johann Th\u00f6lde um 1565 &#8211; um 1614, Alchemist, Salinist, Schriftsteller und Bergbeamter. Tagung vom 26. bis 28. Mai 2010 in Bad Frankenhausen am Kyffh\u00e4user. Freiberg: Drei Birken Verlag, 75 -100.<\/li>\n\n\n\n<li>Teuthorn, Peter (2011): Der Forty-Eighter Friedrich Bernhard Teuthorn. Auswandern nach Amerika aus politischen Gr\u00fcnden. In: <em>Zeitschrift f\u00fcr Mitteldeutsche Familiengeschichte (ZMFG) <\/em> Jahrgang (Heft 2\/2011), 85 &#8211; 108.<\/li>\n\n\n\n<li>Teuthorn, Peter (2011): Ein Schulmeister in der zweiten H\u00e4lfte des 16. Jahrhunderts. Nachtr\u00e4ge zu Stephanus Teuthorn. Eine st\u00e4rker geschichtlich ausgerichtete erg\u00e4nzende Darstellung mit Ber\u00fccksichtigung neuer Quellen. Hg. v. Peter Teuthorn. Online verf\u00fcgbar unter http:\/\/www.teu-net.de\/geschichte\/texte\/Riga-schulmeister_aktV.pdf, zuletzt aktualisiert am Mai 2014, PDF mit PW: TeuNet.<\/li>\n\n\n\n<li>Teuthorn, Peter (2012): Eine Website bauen? Nichts leichter als das! In: <em>Computergenealogie <\/em>Jahrgang 27 (Heft 2\/2012), 12-13.<\/li>\n\n\n\n<li>Teuthorn, Peter (2012): Erinnerungen an Gro\u00dfmutter Erica, 1885 &#8211; 1970. Ihre Zeit und ihre Familie. 175 Seiten. Gilching: Selbstverlag.<\/li>\n\n\n\n<li>Teuthorn, Peter (2012): Publizieren in den Zeiten des Internets \/ Druck &#8211; Website &#8211; Blog &#8211; Twitter. In: <em>Computergenealogie <\/em>Jahrgang 27 (Heft 2\/2012), 8-9.<\/li>\n\n\n\n<li>Teuthorn, Peter (2013): Das Album der Sch\u00fcler zu Kloster Ro\u00dfleben von 1742 bis 1854. Auswertungsm\u00f6glichkeiten an Bespielen von Sch\u00fclern aus Artern und Frankenhausen. In: <em>Zeitschrift f\u00fcr Mitteldeutsche Familiengeschichte (ZMFG) <\/em>(54. Jahrgang Heft 3\/2013), 164 &#8211; 169.<\/li>\n\n\n\n<li>Teuthorn, Peter (2014): Familiendaten pr\u00e4sentieren auf GeneaNet. Erfahrungen mit der Datenbank aus Frankreich. Geneanet bietet viele Gestaltungsm\u00f6glichkeiten \u2013 und Datenschutz auf EU-Nivau. In: <em>Computergenealogie <\/em>(3\/2014).<\/li>\n\n\n\n<li>Teuthorn, Peter (2015): Familiengeschichte auf elektronischem Papier. In: <em>Computergenealogie <\/em> (3\/2015), S. 10\u201313.<\/li>\n\n\n\n<li>Teuthorn, Peter (2016): Die Familie Teuthorn-Nagel zwischen den Jahrhunderten siebzehn und zwanzig. Von Frankenhausen \u00fcber Kiel in die Welt. 1. Auflage. Norderstedt: Books on Demand.<\/li>\n\n\n\n<li>Teuthorn, Peter (2016): Erinnerung an den Stettiner Fotografen Christian Bachmann (1859-1938). Ehrung in Messenthin. Online verf\u00fcgbar unter http:\/\/www.blog.pommerscher-greif.de\/christian-bachmann\/.<\/li>\n\n\n\n<li>Teuthorn, Peter (2016): Genealogisches Publizieren. Eine \u00dcbersicht f\u00fcr Familiengeschichtsforscher (2. Auflage). Norderstedt: Books on Demand.<\/li>\n\n\n\n<li>Teuthorn, Peter (2017): Erinnerung an den Stettiner Fotografen Christian Bachmann (1859-1938). In: <em>Stettiner B\u00fcrgerbrief 2017 <\/em> Jahrgang, S. 16\u201320.<\/li>\n\n\n\n<li>Teuthorn, Peter (2018): Erinnerungen an Gro\u00dfmutter Erica. 1885 &#8211; 1970. 1. Auflage. Berlin: epubli.<\/li>\n\n\n\n<li>Teuthorn, Peter (2020): Stephan Teuthorn Rektor der Domschule zu Riga in den Jahren 1580-83 und 1589-1615. In: Der Herold \/ Vierteljahresschrift f\u00fcr Heraldik, Genealogie und verwandte Wissenschaften, Neue Folge 63. Jahrgang (Heft 1-2), S. 281-296. (Vortrag Baltischer Genealogentag, Darmstadt, 07.03.2015)<\/li>\n\n\n\n<li>Teuthorn, Peter (2022): Die landst\u00e4ndische Verfassung von Schwarzburg-Rudolstadt von 1816 bis 1848 und die Repr\u00e4sentanten der Unterherrschaft Frankenhausen. In <em>Zeitschrift f\u00fcr Mitteldeutsche Familiengeschichte <a rel=\"noreferrer noopener\" href=\"http:\/\/teuthorn.net\/feuilleton\/wp-content\/uploads\/2022\/04\/ZMFG_1_22_Teuthorn.pdf\" target=\"_blank\">(ZMFG) <\/a><\/em>Heft 1\/2022), 294 &#8211; 297.<\/li>\n\n\n\n<li>Teuthorn, Peter: Der Petersdorfer Kirchspielschreiber und Organist Gotthardt Teuthorn (1650 &#8211; 1727) \/ Neues aus seiner Zeit in Petersdorf und zu seiner Familie, in <em>Familienkundliches Jahrbuch Schleswig-Holstein <\/em>Jahrgang 61 &#8211; 2023, S. 17\u201333.<\/li>\n\n\n\n<li>Teuthorn, Peter &amp; G\u00f6rmar, Gerhard (2013): Die Frankenh\u00e4user Seifensieder und der knappe Rohstoff Asche. In: <em>Familie und Geschichte, Hefte f\u00fcr Familiengeschichtsforschung im s\u00e4chsisch-th\u00fcringischen Raum <\/em>(Heft 1, Januar-M\u00e4rz 2013), 1-20.<\/li>\n\n\n\n<li>Francke, Emil (2017): El Hierro. Urlaubsziel &amp; Zuhause. 2. erweiterte Auflage. Norderstedt: Books on Demand.<\/li>\n<\/ul>\n\n\n\n<p class=\"wp-block-paragraph\"><span style=\"font-family: Times New Roman, serif; font-size: 16px;\">Stand 31.3.2022<\/span><\/p>\n","protected":false},"excerpt":{"rendered":"<p>Stand 31.3.2022<\/p>\n","protected":false},"author":1,"featured_media":0,"parent":4790,"menu_order":1,"comment_status":"closed","ping_status":"closed","template":"","meta":{"_crdt_document":"","footnotes":""},"class_list":["post-4794","page","type-page","status-publish","hentry"],"_links":{"self":[{"href":"https:\/\/teuthorn.net\/feuilleton\/index.php?rest_route=\/wp\/v2\/pages\/4794","targetHints":{"allow":["GET"]}}],"collection":[{"href":"https:\/\/teuthorn.net\/feuilleton\/index.php?rest_route=\/wp\/v2\/pages"}],"about":[{"href":"https:\/\/teuthorn.net\/feuilleton\/index.php?rest_route=\/wp\/v2\/types\/page"}],"author":[{"embeddable":true,"href":"https:\/\/teuthorn.net\/feuilleton\/index.php?rest_route=\/wp\/v2\/users\/1"}],"replies":[{"embeddable":true,"href":"https:\/\/teuthorn.net\/feuilleton\/index.php?rest_route=%2Fwp%2Fv2%2Fcomments&post=4794"}],"version-history":[{"count":19,"href":"https:\/\/teuthorn.net\/feuilleton\/index.php?rest_route=\/wp\/v2\/pages\/4794\/revisions"}],"predecessor-version":[{"id":11015,"href":"https:\/\/teuthorn.net\/feuilleton\/index.php?rest_route=\/wp\/v2\/pages\/4794\/revisions\/11015"}],"up":[{"embeddable":true,"href":"https:\/\/teuthorn.net\/feuilleton\/index.php?rest_route=\/wp\/v2\/pages\/4790"}],"wp:attachment":[{"href":"https:\/\/teuthorn.net\/feuilleton\/index.php?rest_route=%2Fwp%2Fv2%2Fmedia&parent=4794"}],"curies":[{"name":"wp","href":"https:\/\/api.w.org\/{rel}","templated":true}]}}