{"id":5253,"date":"2016-04-28T00:26:37","date_gmt":"2016-04-27T22:26:37","guid":{"rendered":"http:\/\/teuthorn.net\/feuilleton\/?page_id=5253"},"modified":"2018-06-18T23:17:02","modified_gmt":"2018-06-18T23:17:02","slug":"minimal-22-4-2016","status":"publish","type":"page","link":"https:\/\/teuthorn.net\/feuilleton\/?page_id=5253","title":{"rendered":"Minimal &#8211; 22.4.2016"},"content":{"rendered":"<p><a href=\"http:\/\/teuthorn.net\/feuilleton\/wp-content\/uploads\/2018\/04\/ak-pt-rede-e1524608690128.jpg\"><img decoding=\"async\" class=\"alignleft wp-image-6967\" src=\"http:\/\/teuthorn.net\/feuilleton\/wp-content\/uploads\/2018\/04\/ak-pt-rede-e1524608690128.jpg\" alt=\"\" width=\"227\" height=\"358\" srcset=\"https:\/\/teuthorn.net\/feuilleton\/wp-content\/uploads\/2018\/04\/ak-pt-rede-e1524608690128.jpg 501w, https:\/\/teuthorn.net\/feuilleton\/wp-content\/uploads\/2018\/04\/ak-pt-rede-e1524608690128-191x300.jpg 191w, https:\/\/teuthorn.net\/feuilleton\/wp-content\/uploads\/2018\/04\/ak-pt-rede-e1524608690128-95x150.jpg 95w\" sizes=\"(max-width: 227px) 100vw, 227px\" \/><\/a>Sehr geehrter Herr B\u00fcrgermeister,<br \/>\nwerte Stadtverantwortliche,<br \/>\nliebe Einwohner und Freunde von Police und Messenthin!<\/p>\n<p>Ich glaube nicht an Wunder. Aber heute geschieht f\u00fcr mich ein Wunder. Denn in einer heute polnischen Stadt wird ein fr\u00fcherer deutscher Einwohner und Fotograf damit geehrt, dass man einen Platz nach ihm benennt.<\/p>\n<p>Christian Bachmann war mein Urgro\u00dfvater. Ich kannte ihn nur von Fotos, denn er starb 1938, ein Jahr vor meiner Geburt. Seine Tochter Erica war meine Gro\u00dfmutter. Sie lebte schon lange vor dem Krieg nicht mehr in ihrer Heimat, sondern in der N\u00e4he von Rostock an der Ostsee.<br \/>\nWenn nach dem Krieg im Hause meiner Gro\u00dfmutter das Zauberwort MESSENTHIN fiel, dann leuchteten ihre Augen, und ihr Gesicht bekam einen tr\u00e4umerischen Ausdruck. MESSENTHIN war f\u00fcr sie mehr als ein Synonym f\u00fcr eine sch\u00f6ne Kindheit und eine intakte Natur mit W\u00e4ldern und Gew\u00e4ssern. MESSENTHIN musste das Paradies gewesen sein. Ein Paradies allerdings, das nun verloren war.<\/p>\n<p>Christian Bachmann hat dieses PARADIES f\u00fcr uns heute Lebende mit seinen Fotografien eingefangen und bewahrt. Das Wunder von dem ich sprach, besteht nach meinem pers\u00f6nlichen Empfinden darin, dass sich die heutigen Bewohner f\u00fcr die deutsche Geschichte dieses sch\u00f6nen Ortes interessieren, diese Geschichte mit bewundernswertem Engagement ehren und auf diese Weise in der Erinnerung bewahren.<\/p>\n<p>F\u00fcr mich ist dieses Wunder Europa. Und wir m\u00fcssen alles daran setzen dieses Europa zu bewahren und weiter zu entwickeln. Es gibt f\u00fcr mich kein sch\u00f6neres Zeichen f\u00fcr ein friedliches Zusammenleben als das heutige Ereignis an diesem Platz.<\/p>\n<p>Ich bin ein bisschen stolz darauf, dass Christian Bachmann mit seinen Fotografien dazu beigetr\u00e4gt. &#8211; Das wollte ich an dieser Stelle sagen.<br \/>\nDanke.<\/p>\n<p>(Peter Teuthorn in Messenthin, April 2016)<br \/>\n<a href=\"http:\/\/teuthorn.net\/feuilleton\/?page_id=5173\">zur\u00fcck<\/a><\/p>\n","protected":false},"excerpt":{"rendered":"<p>Sehr geehrter Herr B\u00fcrgermeister, werte Stadtverantwortliche, liebe Einwohner und Freunde von Police und Messenthin! Ich glaube nicht an Wunder. Aber heute geschieht f\u00fcr mich ein Wunder. Denn in einer heute <a class=\"more-link\" href=\"https:\/\/teuthorn.net\/feuilleton\/?page_id=5253\">Lesen Sie weiter &#8230;<\/a><\/p>\n","protected":false},"author":1,"featured_media":0,"parent":5173,"menu_order":6,"comment_status":"closed","ping_status":"closed","template":"","meta":{"_crdt_document":"","footnotes":""},"class_list":["post-5253","page","type-page","status-publish","hentry"],"_links":{"self":[{"href":"https:\/\/teuthorn.net\/feuilleton\/index.php?rest_route=\/wp\/v2\/pages\/5253","targetHints":{"allow":["GET"]}}],"collection":[{"href":"https:\/\/teuthorn.net\/feuilleton\/index.php?rest_route=\/wp\/v2\/pages"}],"about":[{"href":"https:\/\/teuthorn.net\/feuilleton\/index.php?rest_route=\/wp\/v2\/types\/page"}],"author":[{"embeddable":true,"href":"https:\/\/teuthorn.net\/feuilleton\/index.php?rest_route=\/wp\/v2\/users\/1"}],"replies":[{"embeddable":true,"href":"https:\/\/teuthorn.net\/feuilleton\/index.php?rest_route=%2Fwp%2Fv2%2Fcomments&post=5253"}],"version-history":[{"count":5,"href":"https:\/\/teuthorn.net\/feuilleton\/index.php?rest_route=\/wp\/v2\/pages\/5253\/revisions"}],"predecessor-version":[{"id":7698,"href":"https:\/\/teuthorn.net\/feuilleton\/index.php?rest_route=\/wp\/v2\/pages\/5253\/revisions\/7698"}],"up":[{"embeddable":true,"href":"https:\/\/teuthorn.net\/feuilleton\/index.php?rest_route=\/wp\/v2\/pages\/5173"}],"wp:attachment":[{"href":"https:\/\/teuthorn.net\/feuilleton\/index.php?rest_route=%2Fwp%2Fv2%2Fmedia&parent=5253"}],"curies":[{"name":"wp","href":"https:\/\/api.w.org\/{rel}","templated":true}]}}