{"id":5477,"date":"2016-08-02T16:38:44","date_gmt":"2016-08-02T14:38:44","guid":{"rendered":"http:\/\/teuthorn.net\/feuilleton\/?page_id=5477"},"modified":"2018-06-18T23:11:43","modified_gmt":"2018-06-18T23:11:43","slug":"neue-bachmannseite","status":"publish","type":"page","link":"https:\/\/teuthorn.net\/feuilleton\/?page_id=5477","title":{"rendered":"CBachmann-Event \/ Medien"},"content":{"rendered":"<p><em><span style=\"color: #993300;\">Medien zu dem nun Ende August 2017 im Stettiner B\u00fcrgerbrief ver\u00f6ffentlichten Artikel:<\/span><\/em><\/p>\n<h2>Erinnerung an den Stettiner Fotografen Christian Bachmann (1859-1938)<\/h2>\n<p>&#8211;&gt;<\/p>\n<figure id=\"attachment_5483\" aria-describedby=\"caption-attachment-5483\" style=\"width: 448px\" class=\"wp-caption aligncenter\"><a href=\"http:\/\/teuthorn.net\/feuilleton\/wp-content\/uploads\/2016\/08\/BACHMANN-Schild-Enthuellung.jpg\"><img decoding=\"async\" class=\"size-large wp-image-5483\" title=\"BACHMANN-Schild-Enthuellung\" src=\"http:\/\/teuthorn.net\/feuilleton\/wp-content\/uploads\/2016\/08\/BACHMANN-Schild-Enthuellung-682x1024.jpg\" alt=\"Enth\u00fcllung des Stra\u00dfenschildes mit dem diese Stelle nach dem Stettinn-Messenthiner Fotografen Christiam Bachhmnann benannt ist durch B\u00fcrgermeister Wladyslaw Diakun und Peter Teuthorn am 22. April 2016\" width=\"448\" height=\"672\" \/><\/a><figcaption id=\"caption-attachment-5483\" class=\"wp-caption-text\">Enth\u00fcllung des Stra\u00dfenschildes, mit dem diese Stelle nach dem Stettin-Messenthiner Fotografen Christian Bachmnann benannt wird, durch B\u00fcrgermeister Wladyslaw Diakun und Bachmann-Urenkel Peter Teuthorn am 22. April 2016 \/ Mitte: Ewa Berecka, Stadtrat Messenthin (Copyright des Fotos Martin Kowalik))<\/figcaption><\/figure>\n<p>&#8211;&gt;<\/p>\n<figure id=\"attachment_5485\" aria-describedby=\"caption-attachment-5485\" style=\"width: 640px\" class=\"wp-caption aligncenter\"><a href=\"http:\/\/teuthorn.net\/feuilleton\/wp-content\/uploads\/2016\/08\/Messenthin_2529.jpg\"><img decoding=\"async\" class=\"size-large wp-image-5485\" title=\"Messenthin_2529\" src=\"http:\/\/teuthorn.net\/feuilleton\/wp-content\/uploads\/2016\/08\/Messenthin_2529-1024x683.jpg\" alt=\"\" width=\"640\" height=\"426\" \/><\/a><figcaption id=\"caption-attachment-5485\" class=\"wp-caption-text\">Informationstafel zu Christian Bachmann (1859-1938) in Police-Messenthin (fehlerhafter Text soll noch ausgetauscht werden.) &#8211; Vergr\u00f6\u00dferung zumText per Click m\u00f6glich!<\/figcaption><\/figure>\n<p>&#8211;&gt;<\/p>\n<figure id=\"attachment_5488\" aria-describedby=\"caption-attachment-5488\" style=\"width: 640px\" class=\"wp-caption alignnone\"><a href=\"http:\/\/teuthorn.net\/feuilleton\/wp-content\/uploads\/2016\/08\/enthuellung_2603.jpg\"><img decoding=\"async\" class=\"size-large wp-image-5488\" title=\"enthuellung_2603\" src=\"http:\/\/teuthorn.net\/feuilleton\/wp-content\/uploads\/2016\/08\/enthuellung_2603-1024x739.jpg\" alt=\"\" width=\"640\" height=\"461\" \/><\/a><figcaption id=\"caption-attachment-5488\" class=\"wp-caption-text\">Enth\u00fcllung des Gedenksteins f\u00fcr die hier ruhenden Bewohner des alten Messenthins \/ Stadtpr\u00e4sident Krol, Frau Maronn, BM Diakun<\/figcaption><\/figure>\n<p>&#8211;&gt;<\/p>\n<figure id=\"attachment_5481\" aria-describedby=\"caption-attachment-5481\" style=\"width: 640px\" class=\"wp-caption alignnone\"><a href=\"http:\/\/teuthorn.net\/feuilleton\/wp-content\/uploads\/2016\/08\/Messenthin_topo_sprechblasen.jpg\"><img decoding=\"async\" class=\"size-large wp-image-5481\" title=\"Messenthin_topo_sprechblasen\" src=\"http:\/\/teuthorn.net\/feuilleton\/wp-content\/uploads\/2016\/08\/Messenthin_topo_sprechblasen-1024x731.jpg\" alt=\"\" width=\"640\" height=\"456\" \/><\/a><figcaption id=\"caption-attachment-5481\" class=\"wp-caption-text\">Messtischblatt 25.000 Messenthin 1938 (Quelle SLUB-Dresden) mit Anmerkungen<\/figcaption><\/figure>\n<p>&#8211;&gt;<\/p>\n<figure id=\"attachment_5490\" aria-describedby=\"caption-attachment-5490\" style=\"width: 640px\" class=\"wp-caption alignnone\"><a href=\"http:\/\/teuthorn.net\/feuilleton\/wp-content\/uploads\/2016\/08\/Messenthin_messtischblatt_Ausschnitt_gro\u00df2.jpg\"><img decoding=\"async\" class=\"size-large wp-image-5490\" title=\"Messenthin_messtischblatt_Ausschnitt_gro\u00df2\" src=\"http:\/\/teuthorn.net\/feuilleton\/wp-content\/uploads\/2016\/08\/Messenthin_messtischblatt_Ausschnitt_gro\u00df2-1024x588.jpg\" alt=\"\" width=\"640\" height=\"367\" \/><\/a><figcaption id=\"caption-attachment-5490\" class=\"wp-caption-text\">Messtischblatt P\u00f6litz &#8211; gr\u00f6\u00dferer Ausschnitt von Messenthin mit Oder-Bereich (Quelle: SLUB Dresden)<\/figcaption><\/figure>\n<p><strong>==&gt;<\/strong> Zur Dokumentation von Andrzej Kowalik<br \/>\n<a href=\"http:\/\/forum.police.info.pl\/index.php?topic=9040.msg183599#msg183599\" target=\"_blank\" rel=\"noopener\">http:\/\/forum.police.info.pl\/index.php?topic=9040.msg183599#msg183599<\/a><br \/>\n==&gt; Historische Fotografien Stettiner Zipfel<br \/>\n<a href=\"http:\/\/lazowski.szczecin.art.pl\/police\/fotografie\/msciecino\/msciecino-de.htm\" target=\"_blank\" rel=\"noopener\">http:\/\/lazowski.szczecin.art.pl\/police\/fotografie\/msciecino\/msciecino-de.htm<\/a><br \/>\nMesstischblatt P\u00f6litz Nr. 2453\u00a0 =<br \/>\n\u00a9 OpenStreetMap-Mitwirkende \/ siehe\u00a0 <a href=\"http:\/\/www.openstreetmap.org\/copyright\">www.openstreetmap.org\/copyright<\/a><br \/>\n\u00a9 Andere Fotos Peter Teuthorn, 2016<\/p>\n","protected":false},"excerpt":{"rendered":"<p>Medien zu dem nun Ende August 2017 im Stettiner B\u00fcrgerbrief ver\u00f6ffentlichten Artikel: Erinnerung an den Stettiner Fotografen Christian Bachmann (1859-1938) &#8211;&gt; &#8211;&gt; &#8211;&gt; &#8211;&gt; &#8211;&gt; ==&gt; Zur Dokumentation von Andrzej <a class=\"more-link\" href=\"https:\/\/teuthorn.net\/feuilleton\/?page_id=5477\">Lesen Sie weiter &#8230;<\/a><\/p>\n","protected":false},"author":1,"featured_media":0,"parent":5173,"menu_order":3,"comment_status":"closed","ping_status":"closed","template":"","meta":{"_crdt_document":"","footnotes":""},"class_list":["post-5477","page","type-page","status-publish","hentry"],"_links":{"self":[{"href":"https:\/\/teuthorn.net\/feuilleton\/index.php?rest_route=\/wp\/v2\/pages\/5477","targetHints":{"allow":["GET"]}}],"collection":[{"href":"https:\/\/teuthorn.net\/feuilleton\/index.php?rest_route=\/wp\/v2\/pages"}],"about":[{"href":"https:\/\/teuthorn.net\/feuilleton\/index.php?rest_route=\/wp\/v2\/types\/page"}],"author":[{"embeddable":true,"href":"https:\/\/teuthorn.net\/feuilleton\/index.php?rest_route=\/wp\/v2\/users\/1"}],"replies":[{"embeddable":true,"href":"https:\/\/teuthorn.net\/feuilleton\/index.php?rest_route=%2Fwp%2Fv2%2Fcomments&post=5477"}],"version-history":[{"count":1,"href":"https:\/\/teuthorn.net\/feuilleton\/index.php?rest_route=\/wp\/v2\/pages\/5477\/revisions"}],"predecessor-version":[{"id":7697,"href":"https:\/\/teuthorn.net\/feuilleton\/index.php?rest_route=\/wp\/v2\/pages\/5477\/revisions\/7697"}],"up":[{"embeddable":true,"href":"https:\/\/teuthorn.net\/feuilleton\/index.php?rest_route=\/wp\/v2\/pages\/5173"}],"wp:attachment":[{"href":"https:\/\/teuthorn.net\/feuilleton\/index.php?rest_route=%2Fwp%2Fv2%2Fmedia&parent=5477"}],"curies":[{"name":"wp","href":"https:\/\/api.w.org\/{rel}","templated":true}]}}