{"id":5649,"date":"2016-10-08T18:27:33","date_gmt":"2016-10-08T16:27:33","guid":{"rendered":"http:\/\/teuthorn.net\/feuilleton\/?page_id=5649"},"modified":"2022-11-11T00:05:02","modified_gmt":"2022-11-10T22:05:02","slug":"web-publikation-hilft-touristin-obsthaus-am-markt-greifswald","status":"publish","type":"page","link":"https:\/\/teuthorn.net\/feuilleton\/?page_id=5649","title":{"rendered":"Web-Publikation hilft Touristin &#8211; Obsthaus Am Markt Greifswald"},"content":{"rendered":"<figure id=\"attachment_5651\" aria-describedby=\"caption-attachment-5651\" style=\"width: 350px\" class=\"wp-caption alignright\"><img decoding=\"async\" class=\"size-medium wp-image-5651\" title=\"greifswalds-klassische-ansicht---verfremdet_299336440_o_korr\" src=\"http:\/\/teuthorn.net\/feuilleton\/wp-content\/uploads\/2016\/10\/greifswalds-klassische-ansicht-verfremdet_299336440_o_korr-350x214.jpg\" alt=\"\" width=\"350\" height=\"214\" \/><figcaption id=\"caption-attachment-5651\" class=\"wp-caption-text\">Klassische Sicht \u00fcber das ehemalige Obsthaus Am Markt zur &#8218;Dicken Marie&#8216; (Foto 2003)<\/figcaption><\/figure>\n<p>Eine Freundin berichtete mir heute, sie habe in Greifswald das ehemals Teuthorn&#8217;sche <strong><em>Obsthaus Am Markt<\/em><\/strong> gesucht, es zun\u00e4chst nicht lokalisieren k\u00f6nnen, deshalb in der Touristeninformation nachgefragt und nach dortiger Web-Recherche dann einen Ausdruck in die Hand bekommen, der ihre Frage beantwortete. Die \u00dcberraschung: es war meine vor nun mehr als zehn Jahren verfasste Kurzbeschreibung meiner <a href=\"http:\/\/teuthorn.net\/feuilleton\/?page_id=1402\" target=\"_blank\" rel=\"noopener\">Heimatstadt<\/a>. Nat\u00fcrlich gab es nach so langer Zeit ein paar blinde Links. Ich habe sie jetzt korrigiert. &#8211; Und wie sah das Haus mit der Adresse Knopfstra\u00dfe 27 (heute No 16) in den Vorkriegsjahren aus?<\/p>\n<figure id=\"attachment_5655\" aria-describedby=\"caption-attachment-5655\" style=\"width: 640px\" class=\"wp-caption aligncenter\"><a href=\"http:\/\/teuthorn.net\/feuilleton\/wp-content\/uploads\/2016\/10\/PT.jpg\"><img decoding=\"async\" class=\"size-large wp-image-5655\" title=\"PT\" src=\"http:\/\/teuthorn.net\/feuilleton\/wp-content\/uploads\/2016\/10\/PT-1024x697.jpg\" alt=\"\" width=\"640\" height=\"435\" \/><\/a><figcaption id=\"caption-attachment-5655\" class=\"wp-caption-text\">Obsthaus Am Markt (1929)<\/figcaption><\/figure>\n<p>Am \u00e4u\u00dfersten linken Hausrand eine Toreinfahrt zum Innenhof. Es folgen drei Fenster B\u00fcro, dann Eingangst\u00fcr. Links im Bild ein Anh\u00e4nger mit Deichsel f\u00fcr ein Pferd. Unter der linken Persenning Emil Teuthorn vor dem Eckgesch\u00e4ft Knopfstrasse\/Schuhhagen. \u00dcber den Schildern seine Privatwohnung mit Blick auf den Markt. Im ersten Geschoss links zwischen Hofeinfahrt und Haust\u00fcr Wohnung und Praxis von Zahnarzt K. Die Dachgauben geh\u00f6ren zu drei Zimmern, die zwischen 1945 und 1952 Frau und Kindern seines \u00e4ltesten Sohnes als Bleibe dienten.<br \/>PT<br \/>8.10.2016<\/p>\n\n\n<hr class=\"wp-block-separator has-alpha-channel-opacity\"\/>\n\n\n\n<p class=\"wp-block-paragraph\"><a href=\"http:\/\/teuthorn.net\/feuilleton\/?p=8198\" target=\"_blank\" rel=\"noreferrer noopener\">Siehe auch<\/a> <\/p>\n","protected":false},"excerpt":{"rendered":"<p>Eine Freundin berichtete mir heute, sie habe in Greifswald das ehemals Teuthorn&#8217;sche Obsthaus Am Markt gesucht, es zun\u00e4chst nicht lokalisieren k\u00f6nnen, deshalb in der Touristeninformation nachgefragt und nach dortiger Web-Recherche <a class=\"more-link\" href=\"https:\/\/teuthorn.net\/feuilleton\/?page_id=5649\">Lesen Sie weiter &#8230;<\/a><\/p>\n","protected":false},"author":1,"featured_media":0,"parent":1402,"menu_order":0,"comment_status":"closed","ping_status":"closed","template":"","meta":{"_crdt_document":"","footnotes":""},"class_list":["post-5649","page","type-page","status-publish","hentry"],"_links":{"self":[{"href":"https:\/\/teuthorn.net\/feuilleton\/index.php?rest_route=\/wp\/v2\/pages\/5649","targetHints":{"allow":["GET"]}}],"collection":[{"href":"https:\/\/teuthorn.net\/feuilleton\/index.php?rest_route=\/wp\/v2\/pages"}],"about":[{"href":"https:\/\/teuthorn.net\/feuilleton\/index.php?rest_route=\/wp\/v2\/types\/page"}],"author":[{"embeddable":true,"href":"https:\/\/teuthorn.net\/feuilleton\/index.php?rest_route=\/wp\/v2\/users\/1"}],"replies":[{"embeddable":true,"href":"https:\/\/teuthorn.net\/feuilleton\/index.php?rest_route=%2Fwp%2Fv2%2Fcomments&post=5649"}],"version-history":[{"count":2,"href":"https:\/\/teuthorn.net\/feuilleton\/index.php?rest_route=\/wp\/v2\/pages\/5649\/revisions"}],"predecessor-version":[{"id":10616,"href":"https:\/\/teuthorn.net\/feuilleton\/index.php?rest_route=\/wp\/v2\/pages\/5649\/revisions\/10616"}],"up":[{"embeddable":true,"href":"https:\/\/teuthorn.net\/feuilleton\/index.php?rest_route=\/wp\/v2\/pages\/1402"}],"wp:attachment":[{"href":"https:\/\/teuthorn.net\/feuilleton\/index.php?rest_route=%2Fwp%2Fv2%2Fmedia&parent=5649"}],"curies":[{"name":"wp","href":"https:\/\/api.w.org\/{rel}","templated":true}]}}