{"id":5909,"date":"2016-10-31T23:09:43","date_gmt":"2016-10-31T22:09:43","guid":{"rendered":"http:\/\/teuthorn.net\/feuilleton\/?page_id=5909"},"modified":"2018-06-04T00:04:04","modified_gmt":"2018-06-04T00:04:04","slug":"bildbande","status":"publish","type":"page","link":"https:\/\/teuthorn.net\/feuilleton\/?page_id=5909","title":{"rendered":"Bildb\u00e4nde"},"content":{"rendered":"<h2><span style=\"color: #993300;\"><em>El Hierro<\/em><\/span><\/h2>\n<p><span style=\"color: #993300;\">F\u00fcr Familie &amp; Freunde:<br \/>\nDie B\u00fccher werden von der Firma <strong>Blurb <\/strong>hergestellt. Das Preisniveau inklusive MwST liegt auf dem vergleichbarer deutscher Hersteller wie CEWE. Lediglich Porto &amp; Versand k\u00f6nnen bis zu 5\u20ac teurer sein\u00a0 (Siehe unten). Bei den Preisen handelt es sich um die reinen Produktionskosten ohne eine Autorenmarge. Die B\u00e4nde sind als Softcover und als Hardcover mit jeweils st\u00e4rkerem Papier mit matter Oberfl\u00e4che eingerichtet. Diese Textur sichert eine ausgesprochen gute Qualit\u00e4t der Abbildungen.<\/span><\/p>\n<ul>\n<li><em>Las Marzas &#8211; El Lugar mas bonito de mi isla EL Hierro<\/em>, Januar 2013.<br \/>\nErster Besuch auf der Insel mit den Augen des Entdeckers zur Zeit des Jahreswechsels. Vegetationsgr\u00fcn. Auf Las Marzas beginnen die Pflanzungen.<\/li>\n<li><em>EL Hierro &#8211; Una visita de septiembre<\/em>, September 2013\u00a0 &#8211; *\u00f6ffentlich*<br \/>\nZweiter Besuch im Jahr 2013 und insgesamt. Umfangreiche Erkundung der Insel.<\/li>\n<li><em>El Hierro III &#8211; Pflanzenwelt<\/em> &#8211; M\u00e4rz\/April 2014, (deutsch)<br \/>\nZeit des Bl\u00fchens und \u00fcppigen Wachstums einer bunte und vielf\u00e4ltigen Vegetation. Kleine Texte zu Wanderungen. &#8211; *\u00f6ffentlich*<\/li>\n<li>La Isla &#8211; Fiesta en Las Marzas, M\u00e4rz 2015<br \/>\nPers\u00f6nliche Bilddokument<\/li>\n<li>EL Hierro &#8211; Das neue Zuhause, November 2015<br \/>\nPers\u00f6nliches Bilddokument<\/li>\n<li>Im Juni auf El Hierro &#8217;16 &amp; &#8217;17<\/li>\n<\/ul>\n<p>Umfangreiche Vorschauen sind <a href=\"http:\/\/teuthorn.net\/reise\/fotobuch:\/\/\" target=\"_blank\" rel=\"noopener\">hier <\/a>zu sehen.<\/p>\n","protected":false},"excerpt":{"rendered":"<p>El Hierro F\u00fcr Familie &amp; Freunde: Die B\u00fccher werden von der Firma Blurb hergestellt. Das Preisniveau inklusive MwST liegt auf dem vergleichbarer deutscher Hersteller wie CEWE. Lediglich Porto &amp; Versand <a class=\"more-link\" href=\"https:\/\/teuthorn.net\/feuilleton\/?page_id=5909\">Lesen Sie weiter &#8230;<\/a><\/p>\n","protected":false},"author":1,"featured_media":0,"parent":4790,"menu_order":5,"comment_status":"closed","ping_status":"closed","template":"","meta":{"_crdt_document":"","footnotes":""},"class_list":["post-5909","page","type-page","status-publish","hentry"],"_links":{"self":[{"href":"https:\/\/teuthorn.net\/feuilleton\/index.php?rest_route=\/wp\/v2\/pages\/5909","targetHints":{"allow":["GET"]}}],"collection":[{"href":"https:\/\/teuthorn.net\/feuilleton\/index.php?rest_route=\/wp\/v2\/pages"}],"about":[{"href":"https:\/\/teuthorn.net\/feuilleton\/index.php?rest_route=\/wp\/v2\/types\/page"}],"author":[{"embeddable":true,"href":"https:\/\/teuthorn.net\/feuilleton\/index.php?rest_route=\/wp\/v2\/users\/1"}],"replies":[{"embeddable":true,"href":"https:\/\/teuthorn.net\/feuilleton\/index.php?rest_route=%2Fwp%2Fv2%2Fcomments&post=5909"}],"version-history":[{"count":2,"href":"https:\/\/teuthorn.net\/feuilleton\/index.php?rest_route=\/wp\/v2\/pages\/5909\/revisions"}],"predecessor-version":[{"id":7008,"href":"https:\/\/teuthorn.net\/feuilleton\/index.php?rest_route=\/wp\/v2\/pages\/5909\/revisions\/7008"}],"up":[{"embeddable":true,"href":"https:\/\/teuthorn.net\/feuilleton\/index.php?rest_route=\/wp\/v2\/pages\/4790"}],"wp:attachment":[{"href":"https:\/\/teuthorn.net\/feuilleton\/index.php?rest_route=%2Fwp%2Fv2%2Fmedia&parent=5909"}],"curies":[{"name":"wp","href":"https:\/\/api.w.org\/{rel}","templated":true}]}}