{"id":7051,"date":"2018-04-27T12:38:13","date_gmt":"2018-04-27T12:38:13","guid":{"rendered":"http:\/\/teuthorn.net\/feuilleton\/?page_id=7051"},"modified":"2019-06-18T12:14:36","modified_gmt":"2019-06-18T12:14:36","slug":"aller-anfang","status":"publish","type":"page","link":"https:\/\/teuthorn.net\/feuilleton\/?page_id=7051","title":{"rendered":"Von Frankenhausen &#8230;"},"content":{"rendered":"<h3 style=\"text-align: right;\"><a href=\"http:\/\/teuthorn.net\/feuilleton\/?m=\">Direkt zum BLOG<\/a><\/h3>\n<p><strong>F\u00fcr die Familie TEUTHORN beginnt alles im s\u00fcdlich des Kyffh\u00e4user gelegenen FRANKENHAUSEN. <\/strong><\/p>\n<p>&#8222;Von dieser Familie, welche schon im 15ten Jahrhunderte unter den Familien der Stadt Frankenhausen, gew\u00f6hnlich unter dem Namen T\u00fctehorn oder D\u00fcthorn, erw\u00e4hnt wird, waren in der Mitte des 16ten Jahrhunderts bereits mehrere \u00c4ste vorhanden, von welchen sich jedoch nur der nachstehende bis auf unsre Zeit daselbst erhalten hat.&#8220; (Wippermann 1843)<\/p>\n<p><a href=\"http:\/\/teuthorn.net\/feuilleton\/wp-content\/uploads\/2018\/04\/fkhsn-stich1200_b.jpg\"><img decoding=\"async\" class=\"alignleft size-full wp-image-7054\" src=\"http:\/\/teuthorn.net\/feuilleton\/wp-content\/uploads\/2018\/04\/fkhsn-stich1200_b.jpg\" alt=\"\" width=\"1200\" height=\"498\" srcset=\"https:\/\/teuthorn.net\/feuilleton\/wp-content\/uploads\/2018\/04\/fkhsn-stich1200_b.jpg 1200w, https:\/\/teuthorn.net\/feuilleton\/wp-content\/uploads\/2018\/04\/fkhsn-stich1200_b-300x125.jpg 300w, https:\/\/teuthorn.net\/feuilleton\/wp-content\/uploads\/2018\/04\/fkhsn-stich1200_b-768x319.jpg 768w, https:\/\/teuthorn.net\/feuilleton\/wp-content\/uploads\/2018\/04\/fkhsn-stich1200_b-1024x425.jpg 1024w\" sizes=\"(max-width: 1200px) 100vw, 1200px\" \/><\/a><\/p>\n<hr \/>\n<h1>&#8230; in die Welt<\/h1>\n<p><a href=\"http:\/\/teuthorn.net\/feuilleton\/wp-content\/uploads\/2018\/04\/migration.jpg\" target=\"_blank\" rel=\"noopener\"><img decoding=\"async\" class=\"alignleft wp-image-7091 size-full\" src=\"http:\/\/teuthorn.net\/feuilleton\/wp-content\/uploads\/2018\/04\/migration.jpg\" alt=\"\" width=\"1149\" height=\"695\" srcset=\"https:\/\/teuthorn.net\/feuilleton\/wp-content\/uploads\/2018\/04\/migration.jpg 1149w, https:\/\/teuthorn.net\/feuilleton\/wp-content\/uploads\/2018\/04\/migration-300x181.jpg 300w, https:\/\/teuthorn.net\/feuilleton\/wp-content\/uploads\/2018\/04\/migration-768x465.jpg 768w, https:\/\/teuthorn.net\/feuilleton\/wp-content\/uploads\/2018\/04\/migration-1024x619.jpg 1024w, https:\/\/teuthorn.net\/feuilleton\/wp-content\/uploads\/2018\/04\/migration-248x150.jpg 248w\" sizes=\"(max-width: 1149px) 100vw, 1149px\" \/><\/a><\/p>\n<hr \/>\n<h3><\/h3>\n<h3 style=\"text-align: right;\"><a href=\"http:\/\/teuthorn.net\/feuilleton\/?page_id=7163\">Sie suchen einen Wegweiser? Gehen Sie hier lang!<\/a><\/h3>\n<hr \/>\n<h3 style=\"text-align: right;\"><a href=\"http:\/\/teuthorn.net\/feuilleton\/?m=\"><strong>\u00a0 ==&gt;&gt; Blog<\/strong><\/a><\/h3>\n","protected":false},"excerpt":{"rendered":"<p>Direkt zum BLOG F\u00fcr die Familie TEUTHORN beginnt alles im s\u00fcdlich des Kyffh\u00e4user gelegenen FRANKENHAUSEN. &#8222;Von dieser Familie, welche schon im 15ten Jahrhunderte unter den Familien der Stadt Frankenhausen, gew\u00f6hnlich <a class=\"more-link\" href=\"https:\/\/teuthorn.net\/feuilleton\/?page_id=7051\">Lesen Sie weiter &#8230;<\/a><\/p>\n","protected":false},"author":1,"featured_media":0,"parent":0,"menu_order":0,"comment_status":"closed","ping_status":"closed","template":"","meta":{"_crdt_document":"","footnotes":""},"class_list":["post-7051","page","type-page","status-publish","hentry"],"_links":{"self":[{"href":"https:\/\/teuthorn.net\/feuilleton\/index.php?rest_route=\/wp\/v2\/pages\/7051","targetHints":{"allow":["GET"]}}],"collection":[{"href":"https:\/\/teuthorn.net\/feuilleton\/index.php?rest_route=\/wp\/v2\/pages"}],"about":[{"href":"https:\/\/teuthorn.net\/feuilleton\/index.php?rest_route=\/wp\/v2\/types\/page"}],"author":[{"embeddable":true,"href":"https:\/\/teuthorn.net\/feuilleton\/index.php?rest_route=\/wp\/v2\/users\/1"}],"replies":[{"embeddable":true,"href":"https:\/\/teuthorn.net\/feuilleton\/index.php?rest_route=%2Fwp%2Fv2%2Fcomments&post=7051"}],"version-history":[{"count":47,"href":"https:\/\/teuthorn.net\/feuilleton\/index.php?rest_route=\/wp\/v2\/pages\/7051\/revisions"}],"predecessor-version":[{"id":8216,"href":"https:\/\/teuthorn.net\/feuilleton\/index.php?rest_route=\/wp\/v2\/pages\/7051\/revisions\/8216"}],"wp:attachment":[{"href":"https:\/\/teuthorn.net\/feuilleton\/index.php?rest_route=%2Fwp%2Fv2%2Fmedia&parent=7051"}],"curies":[{"name":"wp","href":"https:\/\/api.w.org\/{rel}","templated":true}]}}