{"id":7163,"date":"2018-05-01T22:29:46","date_gmt":"2018-05-01T22:29:46","guid":{"rendered":"http:\/\/teuthorn.net\/feuilleton\/?page_id=7163"},"modified":"2022-11-08T01:22:03","modified_gmt":"2022-11-07T23:22:03","slug":"start","status":"publish","type":"page","link":"https:\/\/teuthorn.net\/feuilleton\/?page_id=7163","title":{"rendered":"Start"},"content":{"rendered":"<p><span style=\"color: #ff00ff;\">Bitte beachten: Wer um Privacy und Datenschutz besorgt ist, m\u00f6ge bitte zuerst das <strong><em><a style=\"color: #ff00ff;\" href=\"http:\/\/teuthorn.net\/feuilleton\/?page_id=38\" target=\"_blank\" rel=\"noreferrer noopener\">Impressum mit DSVOG<\/a><\/em><\/strong> lesen und sich entscheiden, ob er <strong>weiterlesen oder es lieber lassen<\/strong> will. Es tut mir Leid, dich\/Sie aufgrund des derzeitigen Abmahnunwesens so begr\u00fc\u00dfen zu m\u00fcssen.<\/span><\/p>\n<p><strong>Diese Webpr\u00e4senz ist in der Hauptsache (m) ein <a href=\"http:\/\/teuthorn.net\/feuilleton\/?m=\">BLOG<\/a>. Sie ist zugleich ein Wegweiser zu allen meinen T\u00e4tigkeiten als Historiker und Familiengeschichtsforscher. Ausgangspunkt f\u00fcr meine Genealogie ist das th\u00fcringische Frankenhausen, seit 1927 Bad Frankenhausen. <\/strong><\/p>\n<p><strong>Wesentliche Informationen zu Genealogie &amp; Geschichte finden sich auf meiner Website TeuNet. Diese ist auch \u00fcber die Hauptnavigation zu erreichen.<br \/>\n<\/strong><\/p>\n<p><a href=\"http:\/\/www.teu-net.de\/index.html\" target=\"_blank\" rel=\"noopener noreferrer\"><img decoding=\"async\" class=\"aligncenter wp-image-7228 size-full\" src=\"http:\/\/teuthorn.net\/feuilleton\/wp-content\/uploads\/2018\/05\/teunet-snippet.jpg\" alt=\"\" width=\"610\" height=\"425\" srcset=\"https:\/\/teuthorn.net\/feuilleton\/wp-content\/uploads\/2018\/05\/teunet-snippet.jpg 610w, https:\/\/teuthorn.net\/feuilleton\/wp-content\/uploads\/2018\/05\/teunet-snippet-300x209.jpg 300w, https:\/\/teuthorn.net\/feuilleton\/wp-content\/uploads\/2018\/05\/teunet-snippet-215x150.jpg 215w\" sizes=\"(max-width: 610px) 100vw, 610px\" \/><\/a><\/p>\n<hr \/>\n<ul>\n<li>SUCHEN &amp; FINDEN per Lupe in der Hauptnavigationsleiste (pink)<\/li>\n<li>SUCHFUNKTIONEN in der rechten Sidebar nach Volltext oder gefiltert nach Thema, Publikationsmonat oder Schlagwort sowie<\/li>\n<li>ST\u00d6BERN in der (pink) Hauptnavigation<\/li>\n<li>ABONNIEREN als News-Feed (im Footer unten)<\/li>\n<li><strong>TeuNet-Web<\/strong> <span style=\"color: #ff00ff;\">f\u00fchrt aus WordPress heraus<\/span> und verf\u00fcgt im eigenen Hauptindex \u00fcber die Google-Suchfunktion.<\/li>\n<\/ul>\n<hr \/>\n<p><span style=\"font-size: 14px; color: #ff00ff;\">Nach k\u00fcrzlichem Umzug des Genealogie-Feuilletons wurde das BLOG-Haus ganz neu eingerichtet. Manches sucht noch den richtigen Platz. Umzugssch\u00e4den werden nach und nach repariert. Die Darstellung passt sich nun Tablets und Smartphones an.<\/span><\/p>\n<hr \/>\n<p style=\"text-align: right;\"><span style=\"color: #ff00ff;\"><a style=\"color: #ff00ff;\" href=\"http:\/\/teuthorn.net\/feuilleton\/?page_id=7051\"><strong>Weiter ==&gt;&gt;<\/strong><\/a><\/span><\/p>\n","protected":false},"excerpt":{"rendered":"<p>Bitte beachten: Wer um Privacy und Datenschutz besorgt ist, m\u00f6ge bitte zuerst das Impressum mit DSVOG lesen und sich entscheiden, ob er weiterlesen oder es lieber lassen will. Es tut <a class=\"more-link\" href=\"https:\/\/teuthorn.net\/feuilleton\/?page_id=7163\">Lesen Sie weiter &#8230;<\/a><\/p>\n","protected":false},"author":1,"featured_media":0,"parent":0,"menu_order":0,"comment_status":"closed","ping_status":"closed","template":"","meta":{"_crdt_document":"","footnotes":""},"class_list":["post-7163","page","type-page","status-publish","hentry"],"_links":{"self":[{"href":"https:\/\/teuthorn.net\/feuilleton\/index.php?rest_route=\/wp\/v2\/pages\/7163","targetHints":{"allow":["GET"]}}],"collection":[{"href":"https:\/\/teuthorn.net\/feuilleton\/index.php?rest_route=\/wp\/v2\/pages"}],"about":[{"href":"https:\/\/teuthorn.net\/feuilleton\/index.php?rest_route=\/wp\/v2\/types\/page"}],"author":[{"embeddable":true,"href":"https:\/\/teuthorn.net\/feuilleton\/index.php?rest_route=\/wp\/v2\/users\/1"}],"replies":[{"embeddable":true,"href":"https:\/\/teuthorn.net\/feuilleton\/index.php?rest_route=%2Fwp%2Fv2%2Fcomments&post=7163"}],"version-history":[{"count":22,"href":"https:\/\/teuthorn.net\/feuilleton\/index.php?rest_route=\/wp\/v2\/pages\/7163\/revisions"}],"predecessor-version":[{"id":10601,"href":"https:\/\/teuthorn.net\/feuilleton\/index.php?rest_route=\/wp\/v2\/pages\/7163\/revisions\/10601"}],"wp:attachment":[{"href":"https:\/\/teuthorn.net\/feuilleton\/index.php?rest_route=%2Fwp%2Fv2%2Fmedia&parent=7163"}],"curies":[{"name":"wp","href":"https:\/\/api.w.org\/{rel}","templated":true}]}}