{"id":7360,"date":"2018-05-14T21:56:22","date_gmt":"2018-05-14T21:56:22","guid":{"rendered":"http:\/\/teuthorn.net\/feuilleton\/?page_id=7360"},"modified":"2020-02-25T11:16:23","modified_gmt":"2020-02-25T11:16:23","slug":"blogs-erwaehnungen","status":"publish","type":"page","link":"https:\/\/teuthorn.net\/feuilleton\/?page_id=7360","title":{"rendered":"BLOGS &#038; ERW\u00c4HNUNGEN"},"content":{"rendered":"<ul>\n<li style=\"list-style-type: none;\">\n<ul>\n<li><a href=\"https:\/\/www.ghgo.ch\/blog\/98-miteinander\" target=\"_blank\" rel=\"noopener noreferrer\">Freundliche Erw\u00e4hnung<\/a> des Autors Peter T. und dessen Buch <strong>Genealogisches Publizieren<\/strong> im Blog der Genealogisch-Heraldischen Gesellschaft Ostschweiz (GHGO) &#8211; Unter dem Titel &#8218;Miteinander statt Nebeneinander&#8216; berichtet <a href=\"https:\/\/www.myswisspast.ch\/de\/home-de\" target=\"_blank\" rel=\"noopener noreferrer\">Yvonne Hausheer<\/a> von der Jahresversammlung des CompGen in Sindelfingen.<\/li>\n<li>Cordula lobt das <a href=\"http:\/\/www.ancestry24.eu\/index.php\/de\/blog\/108-webempfehlungen\/857-genealogie-feuilleton\" target=\"_blank\" rel=\"noopener noreferrer\">GENEALOGIE-FEUILLETON<\/a> und regt Verbesserungen in der Navigation an. Auf ihrer Website u.a. auch das th\u00fcringische <a href=\"http:\/\/www.clairweb.de\/index.php\/sondershausen\" target=\"_blank\" rel=\"noopener noreferrer\">SONDERSHAUSEN<\/a>, z.B. mit historischen Postkarten.<\/li>\n<li>Vor allen anderen Blogs &amp; \u00fcber alles sch\u00e4tze ich Irmis <a href=\"http:\/\/www.genealogie-tagebuch.de\/\" target=\"_blank\" rel=\"noopener noreferrer\"><strong>GENEALOGIE-TAGEBUCH<\/strong>.<\/a><\/li>\n<li>Timo Kracke war neben Margit Rambow und Dirk Peters einer der ersten Genealogie-Blogger in Deutschland. Es ist sein Verdienst, fr\u00fch f\u00fcr diese Form des Publizierens geworben zu haben. Er ver\u00f6ffentlicht eine <a href=\"http:\/\/www.kracke.org\/blog\/deutsche-genealogie-blogs\/\" target=\"_blank\" rel=\"noopener noreferrer\"><strong>Liste der deutschsprachigen Blogger<\/strong><\/a>.<\/li>\n<li>Als ich mich um die Jahrtausendwende mit der <a href=\"http:\/\/www.teu-net.de\/links\/index.html\" target=\"_blank\" rel=\"noopener noreferrer\">Amerika-Auswanderung<\/a>* befasste, beeindruckten mich die Forschungsaktivit\u00e4ten der Uni Oldenburg mit ihrer Forschungstelle zur Auswanderung nach den USA. Seit der Aufl\u00f6sung des Lehrstuhlsder besteht die\u00a0 <a href=\"http:\/\/www.dausa.de\/\" target=\"_blank\" rel=\"noopener noreferrer\">DAUSA<\/a> nur virtuell weiter. Mit dem Hintergrund des wissenschaftlichen Fundus zur Auswanderung gr\u00fcndete Dr. Wolfgang Grams das Unternehmen <a href=\"http:\/\/www.routes.de\/wolfgang.html\" target=\"_blank\" rel=\"noopener noreferrer\">Route to the Roots <\/a>und ist inzwischen auch f\u00fcr Ancestry t\u00e4tig.<\/li>\n<\/ul>\n<\/li>\n<\/ul>\n<p>*) Die Links unter &#8222;Auswanderung &amp; Amerika&#8220; (zehn Jahre alt) sind vielfach nicht mehr aktuell, Struktur und Inhalt jedoch ohne Zweifel.<\/p>\n<hr \/>\n<p><strong>Thematisch verwandte Blogs anderer Familienforscher<\/strong><\/p>\n<ul>\n<li><a href=\"http:\/\/www.kracke.org\/blog\/\" target=\"_blank\" rel=\"noopener noreferrer\"><strong>BLOG Genealogie Tagebuch<\/strong><\/a> [Titel\u00fcberschneidung mit Genealogie-Tagebuch!]<br \/>\nTimo Kracke (Siehe oben)<\/li>\n<li><a href=\"https:\/\/www.compgen.de\/blog\/\" target=\"_blank\" rel=\"noopener noreferrer\"><strong>CompGen<\/strong><\/a> \/ Dr. G\u00fcnter Junkers &amp; more<\/li>\n<li><strong>Dirk Peters<\/strong><br \/>\nUmfangreiche Informationen zu allen Aspekten der Familienforschung<\/li>\n<li>Die <strong><a href=\"http:\/\/genealogie-notizen.de\/\" target=\"_blank\" rel=\"noopener noreferrer\">GENEALOGIE-NOTIZEN<\/a><\/strong> von Anneliese Grosse sind leider seit zwei Jahren verstummt.<\/li>\n<li><a href=\"http:\/\/www.genealogie-tagebuch.de\/\" target=\"_blank\" rel=\"noopener noreferrer\"><strong>GENEALOGIE-TAGEBUCH<\/strong><\/a><\/li>\n<li><a href=\"http:\/\/www.rambow.de\/?s=news\" target=\"_blank\" rel=\"noopener noreferrer\"><strong>MARGIT RAMBOW<\/strong><\/a><br \/>\nMargits Web-Pr\u00e4senz ist zu einem ganzen Kosmos privater Famililienforschung herangewachsen. Ihre Reputation reicht bis in die Bayerische Staatsbibliothek M\u00fcnchen, wo ihre Website in Recherche-Veranstaltungen erw\u00e4hnt wird.<\/li>\n<li><a href=\"https:\/\/blog.pommerscher-greif.de\/\" target=\"_blank\" rel=\"noopener noreferrer\"><strong>POMMERSCHER GREIF<\/strong><\/a><br \/>\nDerzeit bestes der mir bekannten Vereinsblogs<\/li>\n<li><a href=\"https:\/\/welt-der-vorfahren.de\/\" target=\"_blank\" rel=\"noopener noreferrer\"><strong>WELT der VORFAHREN<\/strong><\/a> &#8211; Anja Klein<\/li>\n<li><em><strong><a href=\"http:\/\/www.thearmchairgenealogist.com\/p\/ultimate-guide-to-writing-family.html\" target=\"_blank\" rel=\"noopener noreferrer\">Write your family history!<\/a><br \/>\n<\/strong><\/em><strong>Die Website der &#8222;Lehnstuhl-Genealogin&#8220; Lynn PALERMO \u2013 Canada<\/strong> wirkt zwar f\u00fcr deutsche Augen\u00a0 inzwischen wie ein greller Gemischtwarenladen, aber was sie zum Thema Schreiben und Ver\u00f6ffentlichen von Familiengeschichte sagt, bietet immer noch viele gute Anregungen<em><strong>. <\/strong><\/em><\/li>\n<li><strong>Yvonne Hausheer<\/strong> &#8211; <a href=\"https:\/\/www.myswisspast.ch\/de\/home-de#\" target=\"_blank\" rel=\"noopener noreferrer\"><strong>SWISS-PAST<\/strong><\/a> &#8211; Genealogie in der Schweiz<\/li>\n<\/ul>\n","protected":false},"excerpt":{"rendered":"<p>Freundliche Erw\u00e4hnung des Autors Peter T. und dessen Buch Genealogisches Publizieren im Blog der Genealogisch-Heraldischen Gesellschaft Ostschweiz (GHGO) &#8211; Unter dem Titel &#8218;Miteinander statt Nebeneinander&#8216; berichtet Yvonne Hausheer von der <a class=\"more-link\" href=\"https:\/\/teuthorn.net\/feuilleton\/?page_id=7360\">Lesen Sie weiter &#8230;<\/a><\/p>\n","protected":false},"author":1,"featured_media":0,"parent":37,"menu_order":5,"comment_status":"closed","ping_status":"closed","template":"","meta":{"_crdt_document":"","footnotes":""},"class_list":["post-7360","page","type-page","status-publish","hentry"],"_links":{"self":[{"href":"https:\/\/teuthorn.net\/feuilleton\/index.php?rest_route=\/wp\/v2\/pages\/7360","targetHints":{"allow":["GET"]}}],"collection":[{"href":"https:\/\/teuthorn.net\/feuilleton\/index.php?rest_route=\/wp\/v2\/pages"}],"about":[{"href":"https:\/\/teuthorn.net\/feuilleton\/index.php?rest_route=\/wp\/v2\/types\/page"}],"author":[{"embeddable":true,"href":"https:\/\/teuthorn.net\/feuilleton\/index.php?rest_route=\/wp\/v2\/users\/1"}],"replies":[{"embeddable":true,"href":"https:\/\/teuthorn.net\/feuilleton\/index.php?rest_route=%2Fwp%2Fv2%2Fcomments&post=7360"}],"version-history":[{"count":28,"href":"https:\/\/teuthorn.net\/feuilleton\/index.php?rest_route=\/wp\/v2\/pages\/7360\/revisions"}],"predecessor-version":[{"id":8702,"href":"https:\/\/teuthorn.net\/feuilleton\/index.php?rest_route=\/wp\/v2\/pages\/7360\/revisions\/8702"}],"up":[{"embeddable":true,"href":"https:\/\/teuthorn.net\/feuilleton\/index.php?rest_route=\/wp\/v2\/pages\/37"}],"wp:attachment":[{"href":"https:\/\/teuthorn.net\/feuilleton\/index.php?rest_route=%2Fwp%2Fv2%2Fmedia&parent=7360"}],"curies":[{"name":"wp","href":"https:\/\/api.w.org\/{rel}","templated":true}]}}