{"id":8445,"date":"2019-08-13T23:45:49","date_gmt":"2019-08-13T23:45:49","guid":{"rendered":"http:\/\/teuthorn.net\/feuilleton\/?page_id=8445"},"modified":"2019-08-14T00:24:50","modified_gmt":"2019-08-14T00:24:50","slug":"leipziger-teuthorns-beitraege-2006-2010","status":"publish","type":"page","link":"https:\/\/teuthorn.net\/feuilleton\/?page_id=8445","title":{"rendered":"Leipziger Teuthorns &#8211; Beitr\u00e4ge 2006-2010 &#8211; Entwurf Manuskript"},"content":{"rendered":"\n<h2 class=\"wp-block-heading\">Chronologie bisheriger Beitr\u00e4ge zum Thema<\/h2>\n\n\n\n<ul class=\"wp-block-list\"><li>2006: <a href=\"http:\/\/www.teu-net.de\/genealogie\/geschichte\/FamLin\/FamLin-IX_Leipz.html\" target=\"_blank\" rel=\"noopener\">Erste Darstellung im TeuNet<\/a><\/li><li>2006: <a href=\"http:\/\/www.teu-net.de\/genealogie\/web\/leipzigboston\/Anl1_LeiTeu.pdf\" target=\"_blank\" rel=\"noopener\">Nachfahren August Ludwig Teuthorn<\/a> (veraltet, es gibt neue Erkenntnisse)<\/li><li>2006: Wichtiger graphischer \u00dcberblick <br \/><a href=\"http:\/\/www.teu-net.de\/genealogie\/web\/leipzigboston\/Anl3_LeiTeu.pdf\" target=\"_blank\" rel=\"noopener\">Die Leipziger TEUTHORNs &amp; Familie KAPHAHN<\/a><\/li><li>Erw\u00e4hnung bei K\u00f6nig, 1887: <a href=\"http:\/\/teuthorn.net\/feuilleton\/?p=6847\" target=\"_blank\">Verfahren Teuthorn<\/a><\/li><li>2006 (Stand): <a href=\"http:\/\/www.teu-net.de\/genealogie\/web\/QUELLENDB\/test_NLnA.pdf\">Nachfahren Carl Friedrich TEUTHORN<\/a><\/li><li>2010: <a href=\"http:\/\/www.teu-net.de\/genealogie\/geschichte\/FamLin\/FamLin-X_Boston.htm\" target=\"_blank\" rel=\"noopener\">Die Bostoner TEUTHORNs <\/a><br \/>Teuthorn, Peter (2011): Der Forty-Eighter Friedrich Bernhard Teuthorn. Auswandern nach Amerika aus politischen Gr\u00fcnden. In: <em>Zeitschrift f\u00fcr Mitteldeutsche Familiengeschichte (ZMFG) <\/em> Jahrgang (Heft 2\/2011), 85 \u2013 108. <\/li><li>2019: <a href=\"http:\/\/teuthorn.net\/feuilleton\/?page_id=8314\" target=\"_blank\">Teuthorns in den Leipziger Adressb\u00fcchern<\/a> 1852-1946<br \/><\/li><\/ul>\n\n\n\n<h2 class=\"wp-block-heading\">Neue Quellen (digital)<\/h2>\n\n\n\n<ul class=\"wp-block-list\"><li>Bl\u00e4ttern in <a href=\"http:\/\/teuthorn.net\/feuilleton\/?page_id=8314\" target=\"_blank\">Adressb\u00fcchern<\/a> Leipzig<\/li><li>Arbeiten mit der <a href=\"https:\/\/www.compgen.de\/2019\/07\/arbeiten-mit-der-kartei-leipziger-familien\/\" target=\"_blank\">Kartei Leipziger Familien<\/a><br \/>Eigene Erfassung zu Teuthorn-plus<\/li><\/ul>\n\n\n\n<h2 class=\"wp-block-heading\">Entwurf Aufsatz<\/h2>\n\n\n\n<p class=\"wp-block-paragraph\"><em><strong>Leipziger TEUTHORNs im langen 19. Jahrhundert<\/strong><\/em><br \/>Zuwanderung aus Artern &#8211; Verwertung\/Aktualisierung\/Teile des Lulu-Textes &#8211; Ehe und Kinder des A.L. Teuthorn &#8211; 1848ger nach Boston, kurze Erw\u00e4hnung \/ bereits dargestellt in ZMFG &#8211; Nachz\u00fcgler Carl Friedrich, erfolgreicher D\u00fcngemittelfabrikant &#8211; technischer Ablauf mit Unternehmensdaten nach Literatur &#8211; Von Pegau \u00fcber Grimma nach Leipzig (\u00e4lterer Bruder) &#8211; Dr. Theodor T. &#8211; Zweite D\u00fcngemittelfabrik &#8211; Ausklang mit Leipziger Teuthorn-Frauen &#8211; Letzter Eintrag 1946 &#8211; Das Elbkahn-Dokument &#8211; Maries Genealogisches Testament.<br \/><\/p>\n\n\n\n<ul class=\"wp-block-list\"><\/ul>\n\n\n\n<p class=\"wp-block-paragraph\"><\/p>\n","protected":false},"excerpt":{"rendered":"<p>Chronologie bisheriger Beitr\u00e4ge zum Thema 2006: Erste Darstellung im TeuNet 2006: Nachfahren August Ludwig Teuthorn (veraltet, es gibt neue Erkenntnisse) 2006: Wichtiger graphischer \u00dcberblick Die Leipziger TEUTHORNs &amp; Familie KAPHAHN <a class=\"more-link\" href=\"https:\/\/teuthorn.net\/feuilleton\/?page_id=8445\">Lesen Sie weiter &#8230;<\/a><\/p>\n","protected":false},"author":1,"featured_media":0,"parent":0,"menu_order":0,"comment_status":"closed","ping_status":"closed","template":"","meta":{"_crdt_document":"","footnotes":""},"class_list":["post-8445","page","type-page","status-publish","hentry"],"_links":{"self":[{"href":"https:\/\/teuthorn.net\/feuilleton\/index.php?rest_route=\/wp\/v2\/pages\/8445","targetHints":{"allow":["GET"]}}],"collection":[{"href":"https:\/\/teuthorn.net\/feuilleton\/index.php?rest_route=\/wp\/v2\/pages"}],"about":[{"href":"https:\/\/teuthorn.net\/feuilleton\/index.php?rest_route=\/wp\/v2\/types\/page"}],"author":[{"embeddable":true,"href":"https:\/\/teuthorn.net\/feuilleton\/index.php?rest_route=\/wp\/v2\/users\/1"}],"replies":[{"embeddable":true,"href":"https:\/\/teuthorn.net\/feuilleton\/index.php?rest_route=%2Fwp%2Fv2%2Fcomments&post=8445"}],"version-history":[{"count":11,"href":"https:\/\/teuthorn.net\/feuilleton\/index.php?rest_route=\/wp\/v2\/pages\/8445\/revisions"}],"predecessor-version":[{"id":8461,"href":"https:\/\/teuthorn.net\/feuilleton\/index.php?rest_route=\/wp\/v2\/pages\/8445\/revisions\/8461"}],"wp:attachment":[{"href":"https:\/\/teuthorn.net\/feuilleton\/index.php?rest_route=%2Fwp%2Fv2%2Fmedia&parent=8445"}],"curies":[{"name":"wp","href":"https:\/\/api.w.org\/{rel}","templated":true}]}}