{"id":8707,"date":"2020-02-29T10:11:14","date_gmt":"2020-02-29T10:11:14","guid":{"rendered":"http:\/\/teuthorn.net\/feuilleton\/?page_id=8707"},"modified":"2020-11-24T00:30:01","modified_gmt":"2020-11-23T22:30:01","slug":"genealogisches-publizieren","status":"publish","type":"page","link":"https:\/\/teuthorn.net\/feuilleton\/?page_id=8707","title":{"rendered":"Genealogisches Publizieren"},"content":{"rendered":"\n<h2 class=\"wp-block-heading\">Familiengeschichten per Blog  &amp; Web<\/h2>\n\n\n\n<hr class=\"wp-block-separator\"\/>\n\n\n\n<p class=\"wp-block-paragraph\">&#8222;Ahnenforschung ist mehr als Daten sammeln&#8220;, sagt mit Recht N. Seyer, Autor meiner ersten Beispielseite, und ich erweitere die Formulierungsvorlage mit <\/p>\n\n\n\n<p class=\"has-text-align-center has-medium-font-size wp-block-paragraph\">&#8218;Ver\u00f6ffentlichen von Forschungsergebnissen ist mehr als diese in Online-Datenbanken einzustellen&#8216;. <\/p>\n\n\n\n<p class=\"wp-block-paragraph\">Das Ziel daf\u00fcr ist nat\u00fcrlich in der Regel das dauerhaft in Bibliotheken auffindbare Buch. Das gelingt nicht jedem von uns. Davor gibt es aber in der digitalen Welt gute M\u00f6glichkeiten, Familiengeschichte in kleinen Schritten durchaus attraktiv darzustellen und recht einfach zu ver\u00f6ffentlichen. Aus solchen digitalen St\u00fccke k\u00f6nnen durchaus auch Kapitel eines sp\u00e4ter zu ver\u00f6ffentlichenden Buches werden.<\/p>\n\n\n\n<p class=\"wp-block-paragraph\">Der Verein f\u00fcr ComputerGenealogie e.V. hat in seinem Blog gerade eine Serie begonnen, in der die oben angedeutete M\u00f6glichkeit unter dem Titel &#8218;<a rel=\"noreferrer noopener\" aria-label=\"Blogs kurz vorgestellt (\u00f6ffnet in neuem Tab)\" href=\"https:\/\/www.compgen.de\/2020\/02\/blogs-kurz-vorgestellt-pommerscher-greif\/\" target=\"_blank\">Blogs kurz vorgestellt<\/a>&#8218; mit Beispielen demonstriert wird.<\/p>\n\n\n\n<p class=\"wp-block-paragraph\">Wichtige Beitr\u00e4ge zu Familiengeschichten erscheinen auf reinen Webseiten. Gelegentlich, und zuletzt sogar des \u00f6fteren, werden Blog und Website kombiniert. Wie sich zum Beispiel eine WordPress-Installation pr\u00e4sentiert, wird dann davon bestimmt, ob dynamische Blogseiten oder ein Geb\u00e4ude von Festseiten im Vordergrund stehen.<\/p>\n\n\n\n<p class=\"wp-block-paragraph\">Im Folgenden geht es um genealogische Webseiten.<\/p>\n\n\n\n<hr class=\"wp-block-separator\"\/>\n\n\n\n<h3 class=\"wp-block-heading\">Beispiele aus dem Netz<\/h3>\n\n\n\n<figure class=\"wp-block-table\"><table><tbody><tr><td><a rel=\"noreferrer noopener\" href=\"https:\/\/ahnengeschichte.de\/\" target=\"_blank\">https:\/\/ahnengeschichte.de\/<\/a><\/td><td>Norbert Seyer<\/td><td><a href=\"http:\/\/teuthorn.net\/feuilleton\/?p=8712\" target=\"_blank\" rel=\"noreferrer noopener\" aria-label=\"Rezension (\u00f6ffnet in neuem Tab)\">Rezension<\/a><\/td><\/tr><tr><td><a href=\"https:\/\/hans-otto-bredendiek.de\/\" target=\"_blank\" rel=\"noreferrer noopener\" aria-label=\"https:\/\/hans-otto-bredendiek.de\/ (\u00f6ffnet in neuem Tab)\">https:\/\/hans-otto-bredendiek.de\/<\/a><\/td><td><\/td><td><\/td><\/tr><tr><td><a href=\"https:\/\/www.ursulaholz.de\/\" target=\"_blank\" rel=\"noreferrer noopener\">https:\/\/www.ursulaholz.de\/<\/a><\/td><td>Ursula Holz<\/td><td><a href=\"https:\/\/amf-verein.de\/?p=4828\" target=\"_blank\" rel=\"noreferrer noopener\">Blogartikel<\/a><\/td><\/tr><tr><td><a href=\"https:\/\/www.forker.land\/familien-treffen\/10-treffen-2017\/\" target=\"_blank\" rel=\"noreferrer noopener\">https:\/\/www.forker.land\/familien-treffen\/10-treffen-2017\/<\/a><\/td><td>Joachim Forker<\/td><td><a rel=\"noreferrer noopener\" href=\"https:\/\/amf-verein.de\/?p=4551\" target=\"_blank\">AMF-Blog<\/a><\/td><\/tr><tr><td><\/td><td><\/td><td><\/td><\/tr><tr><td><\/td><td><\/td><td><\/td><\/tr><tr><td><\/td><td><\/td><td><\/td><\/tr><tr><td><\/td><td><\/td><td><\/td><\/tr><\/tbody><\/table><\/figure>\n\n\n\n<h3 class=\"wp-block-heading\">Empfehlung und \u00dcberblick<\/h3>\n\n\n\n<div class=\"wp-block-group\"><div class=\"wp-block-group__inner-container is-layout-flow wp-block-group-is-layout-flow\">\n<div class=\"wp-block-image\"><figure class=\"alignleft size-large is-resized\"><img decoding=\"async\" src=\"http:\/\/teuthorn.net\/feuilleton\/wp-content\/uploads\/2018\/06\/Genealogisches_Publizieren.jpg\" alt=\"\" class=\"wp-image-7509\" width=\"101\" height=\"143\" srcset=\"https:\/\/teuthorn.net\/feuilleton\/wp-content\/uploads\/2018\/06\/Genealogisches_Publizieren.jpg 352w, https:\/\/teuthorn.net\/feuilleton\/wp-content\/uploads\/2018\/06\/Genealogisches_Publizieren-211x300.jpg 211w, https:\/\/teuthorn.net\/feuilleton\/wp-content\/uploads\/2018\/06\/Genealogisches_Publizieren-106x150.jpg 106w\" sizes=\"(max-width: 101px) 100vw, 101px\" \/><\/figure><\/div>\n\n\n\n<p>In meinem <a href=\"https:\/\/www.amazon.de\/Genealogisches-Publizieren-%C3%9Cbersicht-Familiengeschichtsforscher-Auflage\/dp\/3741280119\/ref=sr_1_2?__mk_de_DE=%C3%85M%C3%85%C5%BD%C3%95%C3%91&amp;keywords=teuthorn&amp;qid=1583008474&amp;s=books&amp;sr=1-2\" target=\"_blank\" rel=\"noopener noreferrer\">B\u00fcchlein<\/a> zum Thema habe ich vor einiger Zeit vesucht, einen knappen \u00dcberblick \u00fcber die verschiedenen M\u00f6glichkeiten, Familiengeschichte darzustellen. Darin auch, Seiten 37 &#8211; 50, meine Ansichten zu Blog und Website. Ich finde, dem ist heute kaum etwas hinzuzuf\u00fcgen.<br \/>Der Titel ist sowohl im <a href=\"https:\/\/www.bod.de\/buchshop\/genealogisches-publizieren-peter-teuthorn-9783741280115\" target=\"_blank\" rel=\"noopener noreferrer\">epub<\/a>&#8211; als auch im <a href=\"https:\/\/www.amazon.de\/Genealogisches-Publizieren-Eine-%C3%9Cbersicht-Familiengeschichtsforscher-ebook\/dp\/B01LLROVRI\/ref=sr_1_3?__mk_de_DE=%C3%85M%C3%85%C5%BD%C3%95%C3%91&amp;keywords=teuthorn&amp;qid=1583009788&amp;sr=8-3\" target=\"_blank\" rel=\"noopener noreferrer\">Kindle-Format<\/a> als eBook zu haben.<\/p>\n<\/div><\/div>\n\n\n","protected":false},"excerpt":{"rendered":"<p>Familiengeschichten per Blog &amp; Web &#8222;Ahnenforschung ist mehr als Daten sammeln&#8220;, sagt mit Recht N. Seyer, Autor meiner ersten Beispielseite, und ich erweitere die Formulierungsvorlage mit &#8218;Ver\u00f6ffentlichen von Forschungsergebnissen ist <a class=\"more-link\" href=\"https:\/\/teuthorn.net\/feuilleton\/?page_id=8707\">Lesen Sie weiter &#8230;<\/a><\/p>\n","protected":false},"author":1,"featured_media":0,"parent":4790,"menu_order":0,"comment_status":"closed","ping_status":"closed","template":"","meta":{"_crdt_document":"","footnotes":""},"class_list":["post-8707","page","type-page","status-publish","hentry"],"_links":{"self":[{"href":"https:\/\/teuthorn.net\/feuilleton\/index.php?rest_route=\/wp\/v2\/pages\/8707","targetHints":{"allow":["GET"]}}],"collection":[{"href":"https:\/\/teuthorn.net\/feuilleton\/index.php?rest_route=\/wp\/v2\/pages"}],"about":[{"href":"https:\/\/teuthorn.net\/feuilleton\/index.php?rest_route=\/wp\/v2\/types\/page"}],"author":[{"embeddable":true,"href":"https:\/\/teuthorn.net\/feuilleton\/index.php?rest_route=\/wp\/v2\/users\/1"}],"replies":[{"embeddable":true,"href":"https:\/\/teuthorn.net\/feuilleton\/index.php?rest_route=%2Fwp%2Fv2%2Fcomments&post=8707"}],"version-history":[{"count":18,"href":"https:\/\/teuthorn.net\/feuilleton\/index.php?rest_route=\/wp\/v2\/pages\/8707\/revisions"}],"predecessor-version":[{"id":9419,"href":"https:\/\/teuthorn.net\/feuilleton\/index.php?rest_route=\/wp\/v2\/pages\/8707\/revisions\/9419"}],"up":[{"embeddable":true,"href":"https:\/\/teuthorn.net\/feuilleton\/index.php?rest_route=\/wp\/v2\/pages\/4790"}],"wp:attachment":[{"href":"https:\/\/teuthorn.net\/feuilleton\/index.php?rest_route=%2Fwp%2Fv2%2Fmedia&parent=8707"}],"curies":[{"name":"wp","href":"https:\/\/api.w.org\/{rel}","templated":true}]}}